{"id":990,"date":"2020-10-31T17:00:59","date_gmt":"2020-10-31T15:00:59","guid":{"rendered":"https:\/\/valdauto.lt\/?post_type=product&#038;p=990"},"modified":"2020-10-31T17:01:00","modified_gmt":"2020-10-31T15:01:00","slug":"mercedes-benz-glc-priekines-pakabos-trauke-kaires-puses-a2053301705","status":"publish","type":"product","link":"https:\/\/valdauto.lt\/?product=mercedes-benz-glc-priekines-pakabos-trauke-kaires-puses-a2053301705","title":{"rendered":"Mercedes Benz GLC priekin\u0117s pakabos trauk\u0117 kair\u0117s pus\u0117s A2053301705"},"content":{"rendered":"<p>Kair\u0117 pus\u0117<\/p>\n","protected":false},"excerpt":{"rendered":"<p>Tinka ir kitiems MB modeliams .<\/p>\n","protected":false},"featured_media":991,"template":"","meta":{"om_disable_all_campaigns":false,"_monsterinsights_skip_tracking":false,"_monsterinsights_sitenote_active":false,"_monsterinsights_sitenote_note":"","_monsterinsights_sitenote_category":0,"_uf_show_specific_survey":0,"_uf_disable_surveys":false,"slim_seo":{"title":"Mercedes Benz GLC priekin\u0117s pakabos trauk\u0117 A2053301705","description":"Tinka ir kitiems MB modeliams ."}},"product_brand":[],"product_cat":[15],"product_tag":[157],"class_list":{"0":"post-990","1":"product","2":"type-product","3":"status-publish","4":"has-post-thumbnail","6":"product_cat-mercedes-benz-pakaba","7":"product_tag-a2053301705","9":"first","10":"instock","11":"taxable","12":"shipping-taxable","13":"purchasable","14":"product-type-simple","15":"berocket_lgv_grid","16":"berocket_lgv_list_grid"},"_links":{"self":[{"href":"https:\/\/valdauto.lt\/index.php?rest_route=\/wp\/v2\/product\/990","targetHints":{"allow":["GET"]}}],"collection":[{"href":"https:\/\/valdauto.lt\/index.php?rest_route=\/wp\/v2\/product"}],"about":[{"href":"https:\/\/valdauto.lt\/index.php?rest_route=\/wp\/v2\/types\/product"}],"version-history":[{"count":1,"href":"https:\/\/valdauto.lt\/index.php?rest_route=\/wp\/v2\/product\/990\/revisions"}],"predecessor-version":[{"id":992,"href":"https:\/\/valdauto.lt\/index.php?rest_route=\/wp\/v2\/product\/990\/revisions\/992"}],"wp:featuredmedia":[{"embeddable":true,"href":"https:\/\/valdauto.lt\/index.php?rest_route=\/wp\/v2\/media\/991"}],"wp:attachment":[{"href":"https:\/\/valdauto.lt\/index.php?rest_route=%2Fwp%2Fv2%2Fmedia&parent=990"}],"wp:term":[{"taxonomy":"product_brand","embeddable":true,"href":"https:\/\/valdauto.lt\/index.php?rest_route=%2Fwp%2Fv2%2Fproduct_brand&post=990"},{"taxonomy":"product_cat","embeddable":true,"href":"https:\/\/valdauto.lt\/index.php?rest_route=%2Fwp%2Fv2%2Fproduct_cat&post=990"},{"taxonomy":"product_tag","embeddable":true,"href":"https:\/\/valdauto.lt\/index.php?rest_route=%2Fwp%2Fv2%2Fproduct_tag&post=990"}],"curies":[{"name":"wp","href":"https:\/\/api.w.org\/{rel}","templated":true}]}}