{"id":979,"date":"2020-10-31T16:37:18","date_gmt":"2020-10-31T14:37:18","guid":{"rendered":"https:\/\/valdauto.lt\/?post_type=product&#038;p=979"},"modified":"2020-10-31T16:37:18","modified_gmt":"2020-10-31T14:37:18","slug":"mercedes-benz-glc-x253-priekinio-kairio-statramscio-apdaila-a2536902700","status":"publish","type":"product","link":"https:\/\/valdauto.lt\/?product=mercedes-benz-glc-x253-priekinio-kairio-statramscio-apdaila-a2536902700","title":{"rendered":"MERCEDES-BENZ GLC (X253) Priekinio kairio statrams\u010dio apdaila A2536902700"},"content":{"rendered":"<div class=\"col-md-4\">Detal\u0117s pavadinimas:<\/div>\n<div class=\"col-md-8\"><strong>Priekinio kairio statram\u0161\u010dio apdaila<\/strong><\/div>\n","protected":false},"excerpt":{"rendered":"<p>Kair\u0117s pus\u0117s<\/p>\n","protected":false},"featured_media":981,"template":"","meta":{"om_disable_all_campaigns":false,"_monsterinsights_skip_tracking":false,"_monsterinsights_sitenote_active":false,"_monsterinsights_sitenote_note":"","_monsterinsights_sitenote_category":0,"_uf_show_specific_survey":0,"_uf_disable_surveys":false,"slim_seo":{"title":"MERCEDES-BENZ GLC (X253) Priekinio kairio statrams\u010dio apdaila A2536902700","description":"Kair\u0117s pus\u0117s"}},"product_brand":[],"product_cat":[31],"product_tag":[154],"class_list":{"0":"post-979","1":"product","2":"type-product","3":"status-publish","4":"has-post-thumbnail","6":"product_cat-mercedes-benz-salono-komforto-aksesuarai","7":"product_tag-a2536902700","9":"first","10":"instock","11":"taxable","12":"shipping-taxable","13":"purchasable","14":"product-type-simple","15":"berocket_lgv_grid","16":"berocket_lgv_list_grid"},"_links":{"self":[{"href":"https:\/\/valdauto.lt\/index.php?rest_route=\/wp\/v2\/product\/979","targetHints":{"allow":["GET"]}}],"collection":[{"href":"https:\/\/valdauto.lt\/index.php?rest_route=\/wp\/v2\/product"}],"about":[{"href":"https:\/\/valdauto.lt\/index.php?rest_route=\/wp\/v2\/types\/product"}],"version-history":[{"count":1,"href":"https:\/\/valdauto.lt\/index.php?rest_route=\/wp\/v2\/product\/979\/revisions"}],"predecessor-version":[{"id":982,"href":"https:\/\/valdauto.lt\/index.php?rest_route=\/wp\/v2\/product\/979\/revisions\/982"}],"wp:featuredmedia":[{"embeddable":true,"href":"https:\/\/valdauto.lt\/index.php?rest_route=\/wp\/v2\/media\/981"}],"wp:attachment":[{"href":"https:\/\/valdauto.lt\/index.php?rest_route=%2Fwp%2Fv2%2Fmedia&parent=979"}],"wp:term":[{"taxonomy":"product_brand","embeddable":true,"href":"https:\/\/valdauto.lt\/index.php?rest_route=%2Fwp%2Fv2%2Fproduct_brand&post=979"},{"taxonomy":"product_cat","embeddable":true,"href":"https:\/\/valdauto.lt\/index.php?rest_route=%2Fwp%2Fv2%2Fproduct_cat&post=979"},{"taxonomy":"product_tag","embeddable":true,"href":"https:\/\/valdauto.lt\/index.php?rest_route=%2Fwp%2Fv2%2Fproduct_tag&post=979"}],"curies":[{"name":"wp","href":"https:\/\/api.w.org\/{rel}","templated":true}]}}