{"id":962,"date":"2020-10-18T18:55:31","date_gmt":"2020-10-18T16:55:31","guid":{"rendered":"https:\/\/valdauto.lt\/?post_type=product&#038;p=962"},"modified":"2020-10-18T18:55:31","modified_gmt":"2020-10-18T16:55:31","slug":"mercedes-benz-glc-voztuvas-vakuuminis-a0014760532","status":"publish","type":"product","link":"https:\/\/valdauto.lt\/?product=mercedes-benz-glc-voztuvas-vakuuminis-a0014760532","title":{"rendered":"MERCEDES-BENZ GLC VO\u017dTUVAS VAKUUMINIS A0014760532"},"content":{"rendered":"<p>Vakuuminis vo\u017etuvas tinka daugelis MB modeli\u0173 .<\/p>\n","protected":false},"excerpt":{"rendered":"<p>A0014760532<\/p>\n","protected":false},"featured_media":963,"template":"","meta":{"om_disable_all_campaigns":false,"_monsterinsights_skip_tracking":false,"_monsterinsights_sitenote_active":false,"_monsterinsights_sitenote_note":"","_monsterinsights_sitenote_category":0,"_uf_show_specific_survey":0,"_uf_disable_surveys":false,"slim_seo":{"title":"MERCEDES-BENZ GLC VO\u017dTUVAS VAKUUMINIS A0014760532 - Mercedes benz naudotos dalys","description":"A0014760532"}},"product_brand":[],"product_cat":[33],"product_tag":[149],"class_list":{"0":"post-962","1":"product","2":"type-product","3":"status-publish","4":"has-post-thumbnail","6":"product_cat-mercedes-benz-variklio-dalys","7":"product_tag-a0014760532","9":"first","10":"instock","11":"taxable","12":"shipping-taxable","13":"purchasable","14":"product-type-simple","15":"berocket_lgv_grid","16":"berocket_lgv_list_grid"},"_links":{"self":[{"href":"https:\/\/valdauto.lt\/index.php?rest_route=\/wp\/v2\/product\/962","targetHints":{"allow":["GET"]}}],"collection":[{"href":"https:\/\/valdauto.lt\/index.php?rest_route=\/wp\/v2\/product"}],"about":[{"href":"https:\/\/valdauto.lt\/index.php?rest_route=\/wp\/v2\/types\/product"}],"version-history":[{"count":1,"href":"https:\/\/valdauto.lt\/index.php?rest_route=\/wp\/v2\/product\/962\/revisions"}],"predecessor-version":[{"id":964,"href":"https:\/\/valdauto.lt\/index.php?rest_route=\/wp\/v2\/product\/962\/revisions\/964"}],"wp:featuredmedia":[{"embeddable":true,"href":"https:\/\/valdauto.lt\/index.php?rest_route=\/wp\/v2\/media\/963"}],"wp:attachment":[{"href":"https:\/\/valdauto.lt\/index.php?rest_route=%2Fwp%2Fv2%2Fmedia&parent=962"}],"wp:term":[{"taxonomy":"product_brand","embeddable":true,"href":"https:\/\/valdauto.lt\/index.php?rest_route=%2Fwp%2Fv2%2Fproduct_brand&post=962"},{"taxonomy":"product_cat","embeddable":true,"href":"https:\/\/valdauto.lt\/index.php?rest_route=%2Fwp%2Fv2%2Fproduct_cat&post=962"},{"taxonomy":"product_tag","embeddable":true,"href":"https:\/\/valdauto.lt\/index.php?rest_route=%2Fwp%2Fv2%2Fproduct_tag&post=962"}],"curies":[{"name":"wp","href":"https:\/\/api.w.org\/{rel}","templated":true}]}}