{"id":944,"date":"2020-10-18T17:08:39","date_gmt":"2020-10-18T15:08:39","guid":{"rendered":"https:\/\/valdauto.lt\/?post_type=product&#038;p=944"},"modified":"2020-10-18T17:08:39","modified_gmt":"2020-10-18T15:08:39","slug":"mercedes-benz-c-w205-oro-pagalviu-smugio-daviklis-a0009057600","status":"publish","type":"product","link":"https:\/\/valdauto.lt\/?product=mercedes-benz-c-w205-oro-pagalviu-smugio-daviklis-a0009057600","title":{"rendered":"MERCEDES-BENZ C (W205) ORO PAGALVI\u0172 SM\u016aGIO DAVIKLIS A0009057600"},"content":{"rendered":"<p>Daviklis sm\u016bgio<\/p>\n","protected":false},"excerpt":{"rendered":"<p>Tinka ir kietiems modeliams<\/p>\n","protected":false},"featured_media":945,"template":"","meta":{"om_disable_all_campaigns":false,"_monsterinsights_skip_tracking":false,"_monsterinsights_sitenote_active":false,"_monsterinsights_sitenote_note":"","_monsterinsights_sitenote_category":0,"_uf_show_specific_survey":0,"_uf_disable_surveys":false,"slim_seo":{"description":"MERCEDES-BENZ C (W205) ORO PAGALVI\u0172 SM\u016aGIO DAVIKLIS A0009057600","title":"MERCEDES-BENZ C (W205) ORO PAGALVI\u0172 SM\u016aGIO DAVIKLIS A0009057600 - Mercedes benz naudotos dalys"}},"product_brand":[],"product_cat":[22],"product_tag":[142],"class_list":{"0":"post-944","1":"product","2":"type-product","3":"status-publish","4":"has-post-thumbnail","6":"product_cat-mercedes-benz-elektronika","7":"product_tag-a0009057600","9":"first","10":"instock","11":"taxable","12":"shipping-taxable","13":"purchasable","14":"product-type-simple","15":"berocket_lgv_grid","16":"berocket_lgv_list_grid"},"_links":{"self":[{"href":"https:\/\/valdauto.lt\/index.php?rest_route=\/wp\/v2\/product\/944","targetHints":{"allow":["GET"]}}],"collection":[{"href":"https:\/\/valdauto.lt\/index.php?rest_route=\/wp\/v2\/product"}],"about":[{"href":"https:\/\/valdauto.lt\/index.php?rest_route=\/wp\/v2\/types\/product"}],"version-history":[{"count":1,"href":"https:\/\/valdauto.lt\/index.php?rest_route=\/wp\/v2\/product\/944\/revisions"}],"predecessor-version":[{"id":946,"href":"https:\/\/valdauto.lt\/index.php?rest_route=\/wp\/v2\/product\/944\/revisions\/946"}],"wp:featuredmedia":[{"embeddable":true,"href":"https:\/\/valdauto.lt\/index.php?rest_route=\/wp\/v2\/media\/945"}],"wp:attachment":[{"href":"https:\/\/valdauto.lt\/index.php?rest_route=%2Fwp%2Fv2%2Fmedia&parent=944"}],"wp:term":[{"taxonomy":"product_brand","embeddable":true,"href":"https:\/\/valdauto.lt\/index.php?rest_route=%2Fwp%2Fv2%2Fproduct_brand&post=944"},{"taxonomy":"product_cat","embeddable":true,"href":"https:\/\/valdauto.lt\/index.php?rest_route=%2Fwp%2Fv2%2Fproduct_cat&post=944"},{"taxonomy":"product_tag","embeddable":true,"href":"https:\/\/valdauto.lt\/index.php?rest_route=%2Fwp%2Fv2%2Fproduct_tag&post=944"}],"curies":[{"name":"wp","href":"https:\/\/api.w.org\/{rel}","templated":true}]}}