{"id":941,"date":"2020-10-18T16:48:55","date_gmt":"2020-10-18T14:48:55","guid":{"rendered":"https:\/\/valdauto.lt\/?post_type=product&#038;p=941"},"modified":"2020-10-18T16:48:55","modified_gmt":"2020-10-18T14:48:55","slug":"mercedes-benz-langu-skyscio-siurbliukas-a0998660121","status":"publish","type":"product","link":"https:\/\/valdauto.lt\/?product=mercedes-benz-langu-skyscio-siurbliukas-a0998660121","title":{"rendered":"MERCEDES-BENZ  LANG\u0172 SKYS\u010cIO SIURBLIUKAS A0998660121"},"content":{"rendered":"<p>Gamintojas : Mercedes-Benz\u00a0 Serija\u00a0 C-klas\u0117, AMG (W202, W203, W204, W205)<\/p>\n","protected":false},"excerpt":{"rendered":"<p>Nuo C klas\u0117s W205 kebulas<\/p>\n","protected":false},"featured_media":942,"template":"","meta":{"om_disable_all_campaigns":false,"_monsterinsights_skip_tracking":false,"_monsterinsights_sitenote_active":false,"_monsterinsights_sitenote_note":"","_monsterinsights_sitenote_category":0,"_uf_show_specific_survey":0,"_uf_disable_surveys":false,"slim_seo":{"description":"MERCEDES-BENZ LANG\u0172 SKYS\u010cIO SIURBLIUKAS A0998660121","title":"MERCEDES-BENZ LANG\u0172 SKYS\u010cIO SIURBLIUKAS A0998660121 - Mercedes benz naudotos dalys"}},"product_brand":[],"product_cat":[22],"product_tag":[141],"class_list":{"0":"post-941","1":"product","2":"type-product","3":"status-publish","4":"has-post-thumbnail","6":"product_cat-mercedes-benz-elektronika","7":"product_tag-a0998660121","9":"first","10":"instock","11":"taxable","12":"shipping-taxable","13":"purchasable","14":"product-type-simple","15":"berocket_lgv_grid","16":"berocket_lgv_list_grid"},"_links":{"self":[{"href":"https:\/\/valdauto.lt\/index.php?rest_route=\/wp\/v2\/product\/941","targetHints":{"allow":["GET"]}}],"collection":[{"href":"https:\/\/valdauto.lt\/index.php?rest_route=\/wp\/v2\/product"}],"about":[{"href":"https:\/\/valdauto.lt\/index.php?rest_route=\/wp\/v2\/types\/product"}],"version-history":[{"count":1,"href":"https:\/\/valdauto.lt\/index.php?rest_route=\/wp\/v2\/product\/941\/revisions"}],"predecessor-version":[{"id":943,"href":"https:\/\/valdauto.lt\/index.php?rest_route=\/wp\/v2\/product\/941\/revisions\/943"}],"wp:featuredmedia":[{"embeddable":true,"href":"https:\/\/valdauto.lt\/index.php?rest_route=\/wp\/v2\/media\/942"}],"wp:attachment":[{"href":"https:\/\/valdauto.lt\/index.php?rest_route=%2Fwp%2Fv2%2Fmedia&parent=941"}],"wp:term":[{"taxonomy":"product_brand","embeddable":true,"href":"https:\/\/valdauto.lt\/index.php?rest_route=%2Fwp%2Fv2%2Fproduct_brand&post=941"},{"taxonomy":"product_cat","embeddable":true,"href":"https:\/\/valdauto.lt\/index.php?rest_route=%2Fwp%2Fv2%2Fproduct_cat&post=941"},{"taxonomy":"product_tag","embeddable":true,"href":"https:\/\/valdauto.lt\/index.php?rest_route=%2Fwp%2Fv2%2Fproduct_tag&post=941"}],"curies":[{"name":"wp","href":"https:\/\/api.w.org\/{rel}","templated":true}]}}