{"id":908,"date":"2020-10-16T20:51:20","date_gmt":"2020-10-16T18:51:20","guid":{"rendered":"https:\/\/valdauto.lt\/?post_type=product&#038;p=908"},"modified":"2020-10-16T20:51:21","modified_gmt":"2020-10-16T18:51:21","slug":"mercedes-benz-galine-kamera-a2229054509-su-bloku-a1667500993","status":"publish","type":"product","link":"https:\/\/valdauto.lt\/?product=mercedes-benz-galine-kamera-a2229054509-su-bloku-a1667500993","title":{"rendered":"Mercedes Benz galin\u0117 kamera A2229054509 su blok\u0173 A1667500993"},"content":{"rendered":"<p>Mercedes Benz galin\u0117 kamera A2229054509 su blok\u0173 A1667500993 . Komplektas tinka daugelis moeli\u0173 .<\/p>\n","protected":false},"excerpt":{"rendered":"<p>Nuo GLC \/ C \/ S kals\u0117s<\/p>\n","protected":false},"featured_media":909,"template":"","meta":{"om_disable_all_campaigns":false,"_monsterinsights_skip_tracking":false,"_monsterinsights_sitenote_active":false,"_monsterinsights_sitenote_note":"","_monsterinsights_sitenote_category":0,"_uf_show_specific_survey":0,"_uf_disable_surveys":false,"slim_seo":{"title":"Mercedes Benz galin\u0117 kamera A2229054509 su blok\u0173 A1667500993 - Mercedes benz naudotos dalys","description":"Nuo GLC \/ C \/ S kals\u0117s"}},"product_brand":[],"product_cat":[22],"product_tag":[140],"class_list":{"0":"post-908","1":"product","2":"type-product","3":"status-publish","4":"has-post-thumbnail","6":"brand-a2229054509","7":"product_cat-mercedes-benz-elektronika","8":"product_tag-a2229054509","10":"first","11":"instock","12":"taxable","13":"shipping-taxable","14":"purchasable","15":"product-type-simple","16":"berocket_lgv_grid","17":"berocket_lgv_list_grid"},"_links":{"self":[{"href":"https:\/\/valdauto.lt\/index.php?rest_route=\/wp\/v2\/product\/908","targetHints":{"allow":["GET"]}}],"collection":[{"href":"https:\/\/valdauto.lt\/index.php?rest_route=\/wp\/v2\/product"}],"about":[{"href":"https:\/\/valdauto.lt\/index.php?rest_route=\/wp\/v2\/types\/product"}],"version-history":[{"count":1,"href":"https:\/\/valdauto.lt\/index.php?rest_route=\/wp\/v2\/product\/908\/revisions"}],"predecessor-version":[{"id":910,"href":"https:\/\/valdauto.lt\/index.php?rest_route=\/wp\/v2\/product\/908\/revisions\/910"}],"wp:featuredmedia":[{"embeddable":true,"href":"https:\/\/valdauto.lt\/index.php?rest_route=\/wp\/v2\/media\/909"}],"wp:attachment":[{"href":"https:\/\/valdauto.lt\/index.php?rest_route=%2Fwp%2Fv2%2Fmedia&parent=908"}],"wp:term":[{"taxonomy":"product_brand","embeddable":true,"href":"https:\/\/valdauto.lt\/index.php?rest_route=%2Fwp%2Fv2%2Fproduct_brand&post=908"},{"taxonomy":"product_cat","embeddable":true,"href":"https:\/\/valdauto.lt\/index.php?rest_route=%2Fwp%2Fv2%2Fproduct_cat&post=908"},{"taxonomy":"product_tag","embeddable":true,"href":"https:\/\/valdauto.lt\/index.php?rest_route=%2Fwp%2Fv2%2Fproduct_tag&post=908"}],"curies":[{"name":"wp","href":"https:\/\/api.w.org\/{rel}","templated":true}]}}