{"id":722,"date":"2020-09-14T16:38:39","date_gmt":"2020-09-14T14:38:39","guid":{"rendered":"https:\/\/valdauto.lt\/?post_type=product&#038;p=722"},"modified":"2020-09-14T16:38:42","modified_gmt":"2020-09-14T14:38:42","slug":"mercedes-benz-c63-variklio-laidino-laikiklis-desine-puse-a1771591025","status":"publish","type":"product","link":"https:\/\/valdauto.lt\/?product=mercedes-benz-c63-variklio-laidino-laikiklis-desine-puse-a1771591025","title":{"rendered":"Mercedes Benz C63 variklio laidino laikiklis de\u0161in\u0117 pus\u0117 A1771591025"},"content":{"rendered":"<p>Mercedes Benz C63 variklio laidino laikiklis de\u0161in\u0117 pus\u0117 A1771591025 .<\/p>\n","protected":false},"excerpt":{"rendered":"<p>Tinka ir kitiems modeliams. EOM kodas A1771591025<\/p>\n","protected":false},"featured_media":723,"template":"","meta":{"om_disable_all_campaigns":false,"_monsterinsights_skip_tracking":false,"_monsterinsights_sitenote_active":false,"_monsterinsights_sitenote_note":"","_monsterinsights_sitenote_category":0,"_uf_show_specific_survey":0,"_uf_disable_surveys":false,"slim_seo":{"title":"Mercedes Benz C63 variklio laidino laikiklis de\u0161in\u0117 pus\u0117 A1771591025 - Mercedes benz naudotos dalys","description":"Tinka ir kitiems modeliams. EOM kodas A1771591025"}},"product_brand":[],"product_cat":[33],"product_tag":[126],"class_list":{"0":"post-722","1":"product","2":"type-product","3":"status-publish","4":"has-post-thumbnail","6":"product_cat-mercedes-benz-variklio-dalys","7":"product_tag-a1771591025","9":"first","10":"instock","11":"taxable","12":"shipping-taxable","13":"product-type-simple","14":"berocket_lgv_grid","15":"berocket_lgv_list_grid"},"_links":{"self":[{"href":"https:\/\/valdauto.lt\/index.php?rest_route=\/wp\/v2\/product\/722","targetHints":{"allow":["GET"]}}],"collection":[{"href":"https:\/\/valdauto.lt\/index.php?rest_route=\/wp\/v2\/product"}],"about":[{"href":"https:\/\/valdauto.lt\/index.php?rest_route=\/wp\/v2\/types\/product"}],"version-history":[{"count":1,"href":"https:\/\/valdauto.lt\/index.php?rest_route=\/wp\/v2\/product\/722\/revisions"}],"predecessor-version":[{"id":729,"href":"https:\/\/valdauto.lt\/index.php?rest_route=\/wp\/v2\/product\/722\/revisions\/729"}],"wp:featuredmedia":[{"embeddable":true,"href":"https:\/\/valdauto.lt\/index.php?rest_route=\/wp\/v2\/media\/723"}],"wp:attachment":[{"href":"https:\/\/valdauto.lt\/index.php?rest_route=%2Fwp%2Fv2%2Fmedia&parent=722"}],"wp:term":[{"taxonomy":"product_brand","embeddable":true,"href":"https:\/\/valdauto.lt\/index.php?rest_route=%2Fwp%2Fv2%2Fproduct_brand&post=722"},{"taxonomy":"product_cat","embeddable":true,"href":"https:\/\/valdauto.lt\/index.php?rest_route=%2Fwp%2Fv2%2Fproduct_cat&post=722"},{"taxonomy":"product_tag","embeddable":true,"href":"https:\/\/valdauto.lt\/index.php?rest_route=%2Fwp%2Fv2%2Fproduct_tag&post=722"}],"curies":[{"name":"wp","href":"https:\/\/api.w.org\/{rel}","templated":true}]}}