{"id":711,"date":"2020-09-12T20:50:47","date_gmt":"2020-09-12T18:50:47","guid":{"rendered":"https:\/\/valdauto.lt\/?post_type=product&#038;p=711"},"modified":"2020-09-12T20:50:47","modified_gmt":"2020-09-12T18:50:47","slug":"mercedes-benz-glc-x253-kapoto-viris-desine-a2538800228","status":"publish","type":"product","link":"https:\/\/valdauto.lt\/?product=mercedes-benz-glc-x253-kapoto-viris-desine-a2538800228","title":{"rendered":"Mercedes Benz GLC X253 kapoto viris de\u0161in\u0117 A2538800228"},"content":{"rendered":"<p>Mercedes Benz GLC X253 kapoto viris de\u0161in\u0117 A2538800228<\/p>\n","protected":false},"excerpt":{"rendered":"<p>A2538800228<\/p>\n","protected":false},"featured_media":709,"template":"","meta":{"om_disable_all_campaigns":false,"_monsterinsights_skip_tracking":false,"_monsterinsights_sitenote_active":false,"_monsterinsights_sitenote_note":"","_monsterinsights_sitenote_category":0,"_uf_show_specific_survey":0,"_uf_disable_surveys":false,"slim_seo":{"title":"Mercedes Benz GLC X253 kapoto viris de\u0161in\u0117 A2538800228 - Mercedes benz naudotos dalys","description":"A2538800228"}},"product_brand":[],"product_cat":[20],"product_tag":[124],"class_list":{"0":"post-711","1":"product","2":"type-product","3":"status-publish","4":"has-post-thumbnail","6":"product_cat-mercedes-benz-kebulo-dalys","7":"product_tag-a2538800228","9":"first","10":"instock","11":"taxable","12":"shipping-taxable","13":"purchasable","14":"product-type-simple","15":"berocket_lgv_grid","16":"berocket_lgv_list_grid"},"_links":{"self":[{"href":"https:\/\/valdauto.lt\/index.php?rest_route=\/wp\/v2\/product\/711","targetHints":{"allow":["GET"]}}],"collection":[{"href":"https:\/\/valdauto.lt\/index.php?rest_route=\/wp\/v2\/product"}],"about":[{"href":"https:\/\/valdauto.lt\/index.php?rest_route=\/wp\/v2\/types\/product"}],"version-history":[{"count":1,"href":"https:\/\/valdauto.lt\/index.php?rest_route=\/wp\/v2\/product\/711\/revisions"}],"predecessor-version":[{"id":712,"href":"https:\/\/valdauto.lt\/index.php?rest_route=\/wp\/v2\/product\/711\/revisions\/712"}],"wp:featuredmedia":[{"embeddable":true,"href":"https:\/\/valdauto.lt\/index.php?rest_route=\/wp\/v2\/media\/709"}],"wp:attachment":[{"href":"https:\/\/valdauto.lt\/index.php?rest_route=%2Fwp%2Fv2%2Fmedia&parent=711"}],"wp:term":[{"taxonomy":"product_brand","embeddable":true,"href":"https:\/\/valdauto.lt\/index.php?rest_route=%2Fwp%2Fv2%2Fproduct_brand&post=711"},{"taxonomy":"product_cat","embeddable":true,"href":"https:\/\/valdauto.lt\/index.php?rest_route=%2Fwp%2Fv2%2Fproduct_cat&post=711"},{"taxonomy":"product_tag","embeddable":true,"href":"https:\/\/valdauto.lt\/index.php?rest_route=%2Fwp%2Fv2%2Fproduct_tag&post=711"}],"curies":[{"name":"wp","href":"https:\/\/api.w.org\/{rel}","templated":true}]}}