{"id":699,"date":"2020-09-12T20:23:30","date_gmt":"2020-09-12T18:23:30","guid":{"rendered":"https:\/\/valdauto.lt\/?post_type=product&#038;p=699"},"modified":"2020-09-12T20:24:03","modified_gmt":"2020-09-12T18:24:03","slug":"mercees-benz-w205-x253-oro-filtro-deze-a2740901701","status":"publish","type":"product","link":"https:\/\/valdauto.lt\/?product=mercees-benz-w205-x253-oro-filtro-deze-a2740901701","title":{"rendered":"Mercees Benz W205 X253 oro filtro d\u0117\u017e\u0117 A2740901701"},"content":{"rendered":"<p>Mercees Benz W205 X253 oro filtro d\u0117\u017e\u0117 A2740901701 . Benzininio variklio EU varianto<\/p>\n","protected":false},"excerpt":{"rendered":"<p>Tinka C bei GLC klasei<\/p>\n","protected":false},"featured_media":700,"template":"","meta":{"om_disable_all_campaigns":false,"_monsterinsights_skip_tracking":false,"_monsterinsights_sitenote_active":false,"_monsterinsights_sitenote_note":"","_monsterinsights_sitenote_category":0,"_uf_show_specific_survey":0,"_uf_disable_surveys":false,"slim_seo":{"description":"Mercees Benz W205 X253 oro filtro d\u0117\u017e\u0117 A2740901701 . Benzininio variklio EU varianto","title":"Mercees Benz W205 X253 oro filtro d\u0117\u017e\u0117 A2740901701 - Mercedes benz naudotos dalys"}},"product_brand":[],"product_cat":[33],"product_tag":[122],"class_list":{"0":"post-699","1":"product","2":"type-product","3":"status-publish","4":"has-post-thumbnail","6":"product_cat-mercedes-benz-variklio-dalys","7":"product_tag-a2740901701","9":"first","10":"instock","11":"taxable","12":"shipping-taxable","13":"purchasable","14":"product-type-simple","15":"berocket_lgv_grid","16":"berocket_lgv_list_grid"},"_links":{"self":[{"href":"https:\/\/valdauto.lt\/index.php?rest_route=\/wp\/v2\/product\/699","targetHints":{"allow":["GET"]}}],"collection":[{"href":"https:\/\/valdauto.lt\/index.php?rest_route=\/wp\/v2\/product"}],"about":[{"href":"https:\/\/valdauto.lt\/index.php?rest_route=\/wp\/v2\/types\/product"}],"version-history":[{"count":1,"href":"https:\/\/valdauto.lt\/index.php?rest_route=\/wp\/v2\/product\/699\/revisions"}],"predecessor-version":[{"id":707,"href":"https:\/\/valdauto.lt\/index.php?rest_route=\/wp\/v2\/product\/699\/revisions\/707"}],"wp:featuredmedia":[{"embeddable":true,"href":"https:\/\/valdauto.lt\/index.php?rest_route=\/wp\/v2\/media\/700"}],"wp:attachment":[{"href":"https:\/\/valdauto.lt\/index.php?rest_route=%2Fwp%2Fv2%2Fmedia&parent=699"}],"wp:term":[{"taxonomy":"product_brand","embeddable":true,"href":"https:\/\/valdauto.lt\/index.php?rest_route=%2Fwp%2Fv2%2Fproduct_brand&post=699"},{"taxonomy":"product_cat","embeddable":true,"href":"https:\/\/valdauto.lt\/index.php?rest_route=%2Fwp%2Fv2%2Fproduct_cat&post=699"},{"taxonomy":"product_tag","embeddable":true,"href":"https:\/\/valdauto.lt\/index.php?rest_route=%2Fwp%2Fv2%2Fproduct_tag&post=699"}],"curies":[{"name":"wp","href":"https:\/\/api.w.org\/{rel}","templated":true}]}}