{"id":646,"date":"2020-09-11T20:00:47","date_gmt":"2020-09-11T18:00:47","guid":{"rendered":"https:\/\/valdauto.lt\/?post_type=product&#038;p=646"},"modified":"2020-09-11T20:00:47","modified_gmt":"2020-09-11T18:00:47","slug":"mercedes-benz-w205-variklio-kronsteinas-kaire-a2742234404","status":"publish","type":"product","link":"https:\/\/valdauto.lt\/?product=mercedes-benz-w205-variklio-kronsteinas-kaire-a2742234404","title":{"rendered":"Mercedes Benz W205 variklio kron\u0161teinas Kair\u0117 A2742234404"},"content":{"rendered":"<p>Mercedes Benz W205 variklio kron\u0161teinas Kair\u0117 A2742234404<\/p>\n","protected":false},"excerpt":{"rendered":"<p>Tinka W205 GLC modeliams su 2 litru varikliu<\/p>\n","protected":false},"featured_media":647,"template":"","meta":{"om_disable_all_campaigns":false,"_monsterinsights_skip_tracking":false,"_monsterinsights_sitenote_active":false,"_monsterinsights_sitenote_note":"","_monsterinsights_sitenote_category":0,"_uf_show_specific_survey":0,"_uf_disable_surveys":false,"slim_seo":{"title":"Mercedes Benz W205 variklio kron\u0161teinas Kair\u0117 A2742234404 - Mercedes benz naudotos dalys","description":"Tinka W205 GLC modeliams su 2 litru varikliu"}},"product_brand":[],"product_cat":[33],"product_tag":[108],"class_list":{"0":"post-646","1":"product","2":"type-product","3":"status-publish","4":"has-post-thumbnail","6":"product_cat-mercedes-benz-variklio-dalys","7":"product_tag-a2742234404","9":"first","10":"instock","11":"taxable","12":"shipping-taxable","13":"purchasable","14":"product-type-simple","15":"berocket_lgv_grid","16":"berocket_lgv_list_grid"},"_links":{"self":[{"href":"https:\/\/valdauto.lt\/index.php?rest_route=\/wp\/v2\/product\/646","targetHints":{"allow":["GET"]}}],"collection":[{"href":"https:\/\/valdauto.lt\/index.php?rest_route=\/wp\/v2\/product"}],"about":[{"href":"https:\/\/valdauto.lt\/index.php?rest_route=\/wp\/v2\/types\/product"}],"version-history":[{"count":1,"href":"https:\/\/valdauto.lt\/index.php?rest_route=\/wp\/v2\/product\/646\/revisions"}],"predecessor-version":[{"id":650,"href":"https:\/\/valdauto.lt\/index.php?rest_route=\/wp\/v2\/product\/646\/revisions\/650"}],"wp:featuredmedia":[{"embeddable":true,"href":"https:\/\/valdauto.lt\/index.php?rest_route=\/wp\/v2\/media\/647"}],"wp:attachment":[{"href":"https:\/\/valdauto.lt\/index.php?rest_route=%2Fwp%2Fv2%2Fmedia&parent=646"}],"wp:term":[{"taxonomy":"product_brand","embeddable":true,"href":"https:\/\/valdauto.lt\/index.php?rest_route=%2Fwp%2Fv2%2Fproduct_brand&post=646"},{"taxonomy":"product_cat","embeddable":true,"href":"https:\/\/valdauto.lt\/index.php?rest_route=%2Fwp%2Fv2%2Fproduct_cat&post=646"},{"taxonomy":"product_tag","embeddable":true,"href":"https:\/\/valdauto.lt\/index.php?rest_route=%2Fwp%2Fv2%2Fproduct_tag&post=646"}],"curies":[{"name":"wp","href":"https:\/\/api.w.org\/{rel}","templated":true}]}}