{"id":640,"date":"2020-09-11T19:48:42","date_gmt":"2020-09-11T17:48:42","guid":{"rendered":"https:\/\/valdauto.lt\/?post_type=product&#038;p=640"},"modified":"2020-09-11T19:48:42","modified_gmt":"2020-09-11T17:48:42","slug":"mercedes-benz-w205-greiciu-dezes-pagalve-a2052402500","status":"publish","type":"product","link":"https:\/\/valdauto.lt\/?product=mercedes-benz-w205-greiciu-dezes-pagalve-a2052402500","title":{"rendered":"Mercedes Benz W205 grei\u010di\u0173 d\u0117\u017e\u0117s pagalv\u0117 A2052402500"},"content":{"rendered":"<p>Mercedes Benz W205 grei\u010di\u0173 d\u0117\u017e\u0117s pagalv\u0117 A2052402500 . Tinka daugeliui modeli\u0173 GLC , C klas\u0117s<\/p>\n","protected":false},"excerpt":{"rendered":"<p>Tinka daugeliui modeli\u0173 GLC , C klas\u0117s<\/p>\n","protected":false},"featured_media":641,"template":"","meta":{"om_disable_all_campaigns":false,"_monsterinsights_skip_tracking":false,"_monsterinsights_sitenote_active":false,"_monsterinsights_sitenote_note":"","_monsterinsights_sitenote_category":0,"_uf_show_specific_survey":0,"_uf_disable_surveys":false,"slim_seo":{"title":"Mercedes Benz W205 grei\u010di\u0173 d\u0117\u017e\u0117s pagalv\u0117 A2052402500 - Mercedes benz naudotos dalys","description":"Tinka daugeliui modeli\u0173 GLC , C klas\u0117s"}},"product_brand":[],"product_cat":[33],"product_tag":[107],"class_list":{"0":"post-640","1":"product","2":"type-product","3":"status-publish","4":"has-post-thumbnail","6":"product_cat-mercedes-benz-variklio-dalys","7":"product_tag-a2052402500","9":"first","10":"instock","11":"taxable","12":"shipping-taxable","13":"purchasable","14":"product-type-simple","15":"berocket_lgv_grid","16":"berocket_lgv_list_grid"},"_links":{"self":[{"href":"https:\/\/valdauto.lt\/index.php?rest_route=\/wp\/v2\/product\/640","targetHints":{"allow":["GET"]}}],"collection":[{"href":"https:\/\/valdauto.lt\/index.php?rest_route=\/wp\/v2\/product"}],"about":[{"href":"https:\/\/valdauto.lt\/index.php?rest_route=\/wp\/v2\/types\/product"}],"version-history":[{"count":1,"href":"https:\/\/valdauto.lt\/index.php?rest_route=\/wp\/v2\/product\/640\/revisions"}],"predecessor-version":[{"id":645,"href":"https:\/\/valdauto.lt\/index.php?rest_route=\/wp\/v2\/product\/640\/revisions\/645"}],"wp:featuredmedia":[{"embeddable":true,"href":"https:\/\/valdauto.lt\/index.php?rest_route=\/wp\/v2\/media\/641"}],"wp:attachment":[{"href":"https:\/\/valdauto.lt\/index.php?rest_route=%2Fwp%2Fv2%2Fmedia&parent=640"}],"wp:term":[{"taxonomy":"product_brand","embeddable":true,"href":"https:\/\/valdauto.lt\/index.php?rest_route=%2Fwp%2Fv2%2Fproduct_brand&post=640"},{"taxonomy":"product_cat","embeddable":true,"href":"https:\/\/valdauto.lt\/index.php?rest_route=%2Fwp%2Fv2%2Fproduct_cat&post=640"},{"taxonomy":"product_tag","embeddable":true,"href":"https:\/\/valdauto.lt\/index.php?rest_route=%2Fwp%2Fv2%2Fproduct_tag&post=640"}],"curies":[{"name":"wp","href":"https:\/\/api.w.org\/{rel}","templated":true}]}}