{"id":635,"date":"2020-09-11T19:32:38","date_gmt":"2020-09-11T17:32:38","guid":{"rendered":"https:\/\/valdauto.lt\/?post_type=product&#038;p=635"},"modified":"2022-12-18T11:57:43","modified_gmt":"2022-12-18T09:57:43","slug":"mercedes-benz-w205-x253-variklio-laikiklis-desine-a2742232204","status":"publish","type":"product","link":"https:\/\/valdauto.lt\/?product=mercedes-benz-w205-x253-variklio-laikiklis-desine-a2742232204","title":{"rendered":"Mercedes Benz W205 X253 variklio laikiklis de\u0161in\u0117 A2742232204"},"content":{"rendered":"<p>Mercedes Benz W205 X253 variklio laikiklis de\u0161in\u0117 EOM A2742232204 . Nuo 180KW variklio<\/p>\n","protected":false},"excerpt":{"rendered":"<p>W205 X253<\/p>\n","protected":false},"featured_media":636,"template":"","meta":{"om_disable_all_campaigns":false,"_monsterinsights_skip_tracking":false,"_monsterinsights_sitenote_active":false,"_monsterinsights_sitenote_note":"","_monsterinsights_sitenote_category":0,"_uf_show_specific_survey":0,"_uf_disable_surveys":false,"slim_seo":{"title":"Mercedes Benz W205 X253 variklio laikiklis de\u0161in\u0117 A2742232204 180 kw","description":"Mercedes Benz W205 X253 variklio laikiklis de\u0161in\u0117 EOM A2742232204 . Nuo 180KW variklio"}},"product_brand":[],"product_cat":[33],"product_tag":[106,298,348],"class_list":{"0":"post-635","1":"product","2":"type-product","3":"status-publish","4":"has-post-thumbnail","6":"product_cat-mercedes-benz-variklio-dalys","7":"product_tag-a2742232204","8":"product_tag-glc-dalys","9":"product_tag-mercedes-glc-dalys","11":"first","12":"instock","13":"taxable","14":"shipping-taxable","15":"purchasable","16":"product-type-simple","17":"berocket_lgv_grid","18":"berocket_lgv_list_grid"},"_links":{"self":[{"href":"https:\/\/valdauto.lt\/index.php?rest_route=\/wp\/v2\/product\/635","targetHints":{"allow":["GET"]}}],"collection":[{"href":"https:\/\/valdauto.lt\/index.php?rest_route=\/wp\/v2\/product"}],"about":[{"href":"https:\/\/valdauto.lt\/index.php?rest_route=\/wp\/v2\/types\/product"}],"version-history":[{"count":1,"href":"https:\/\/valdauto.lt\/index.php?rest_route=\/wp\/v2\/product\/635\/revisions"}],"predecessor-version":[{"id":639,"href":"https:\/\/valdauto.lt\/index.php?rest_route=\/wp\/v2\/product\/635\/revisions\/639"}],"wp:featuredmedia":[{"embeddable":true,"href":"https:\/\/valdauto.lt\/index.php?rest_route=\/wp\/v2\/media\/636"}],"wp:attachment":[{"href":"https:\/\/valdauto.lt\/index.php?rest_route=%2Fwp%2Fv2%2Fmedia&parent=635"}],"wp:term":[{"taxonomy":"product_brand","embeddable":true,"href":"https:\/\/valdauto.lt\/index.php?rest_route=%2Fwp%2Fv2%2Fproduct_brand&post=635"},{"taxonomy":"product_cat","embeddable":true,"href":"https:\/\/valdauto.lt\/index.php?rest_route=%2Fwp%2Fv2%2Fproduct_cat&post=635"},{"taxonomy":"product_tag","embeddable":true,"href":"https:\/\/valdauto.lt\/index.php?rest_route=%2Fwp%2Fv2%2Fproduct_tag&post=635"}],"curies":[{"name":"wp","href":"https:\/\/api.w.org\/{rel}","templated":true}]}}