{"id":626,"date":"2020-09-11T19:29:35","date_gmt":"2020-09-11T17:29:35","guid":{"rendered":"https:\/\/valdauto.lt\/?post_type=product&#038;p=626"},"modified":"2020-09-11T19:29:35","modified_gmt":"2020-09-11T17:29:35","slug":"mercedes-benz-glc-zenklu-nuskaitimo-kamera-eom-a2539003502","status":"publish","type":"product","link":"https:\/\/valdauto.lt\/?product=mercedes-benz-glc-zenklu-nuskaitimo-kamera-eom-a2539003502","title":{"rendered":"Mercedes Benz GLC \u017eenkl\u0173 nuskaitimo kamera EOM A2539003502"},"content":{"rendered":"<p>Mercedes Benz GLC \u017eenkl\u0173 nuskaitimo kamera EOM A2539003502 . Tinka GLC modeliams nuo 2016 iki 2019 met\u0173<\/p>\n","protected":false},"excerpt":{"rendered":"<p>X253 modeliui , tinka ir kitiems .<\/p>\n","protected":false},"featured_media":627,"template":"","meta":{"om_disable_all_campaigns":false,"_monsterinsights_skip_tracking":false,"_monsterinsights_sitenote_active":false,"_monsterinsights_sitenote_note":"","_monsterinsights_sitenote_category":0,"_uf_show_specific_survey":0,"_uf_disable_surveys":false,"slim_seo":{"title":"Mercedes Benz GLC \u017eenkl\u0173 nuskaitimo kamera EOM A2539003502 - Mercedes benz naudotos dalys","description":"X253 modeliui , tinka ir kitiems ."}},"product_brand":[],"product_cat":[22],"product_tag":[105],"class_list":{"0":"post-626","1":"product","2":"type-product","3":"status-publish","4":"has-post-thumbnail","6":"product_cat-mercedes-benz-elektronika","7":"product_tag-a2539003502","9":"first","10":"instock","11":"taxable","12":"shipping-taxable","13":"purchasable","14":"product-type-simple","15":"berocket_lgv_grid","16":"berocket_lgv_list_grid"},"_links":{"self":[{"href":"https:\/\/valdauto.lt\/index.php?rest_route=\/wp\/v2\/product\/626","targetHints":{"allow":["GET"]}}],"collection":[{"href":"https:\/\/valdauto.lt\/index.php?rest_route=\/wp\/v2\/product"}],"about":[{"href":"https:\/\/valdauto.lt\/index.php?rest_route=\/wp\/v2\/types\/product"}],"version-history":[{"count":1,"href":"https:\/\/valdauto.lt\/index.php?rest_route=\/wp\/v2\/product\/626\/revisions"}],"predecessor-version":[{"id":634,"href":"https:\/\/valdauto.lt\/index.php?rest_route=\/wp\/v2\/product\/626\/revisions\/634"}],"wp:featuredmedia":[{"embeddable":true,"href":"https:\/\/valdauto.lt\/index.php?rest_route=\/wp\/v2\/media\/627"}],"wp:attachment":[{"href":"https:\/\/valdauto.lt\/index.php?rest_route=%2Fwp%2Fv2%2Fmedia&parent=626"}],"wp:term":[{"taxonomy":"product_brand","embeddable":true,"href":"https:\/\/valdauto.lt\/index.php?rest_route=%2Fwp%2Fv2%2Fproduct_brand&post=626"},{"taxonomy":"product_cat","embeddable":true,"href":"https:\/\/valdauto.lt\/index.php?rest_route=%2Fwp%2Fv2%2Fproduct_cat&post=626"},{"taxonomy":"product_tag","embeddable":true,"href":"https:\/\/valdauto.lt\/index.php?rest_route=%2Fwp%2Fv2%2Fproduct_tag&post=626"}],"curies":[{"name":"wp","href":"https:\/\/api.w.org\/{rel}","templated":true}]}}