{"id":618,"date":"2020-09-11T19:20:09","date_gmt":"2020-09-11T17:20:09","guid":{"rendered":"https:\/\/valdauto.lt\/?post_type=product&#038;p=618"},"modified":"2020-09-11T19:20:10","modified_gmt":"2020-09-11T17:20:10","slug":"mercedes-benz-c-amg-w205-droseline-sklende-eom-a2761410125","status":"publish","type":"product","link":"https:\/\/valdauto.lt\/?product=mercedes-benz-c-amg-w205-droseline-sklende-eom-a2761410125","title":{"rendered":"MERCEDES-BENZ C AMG (W205) DROSELIN\u0116 SKLEND\u0116 EOM A2761410125"},"content":{"rendered":"<p>Mercedes C63 AMG droselin\u0117 sklend\u0117 EOM kodas A2761410125 . 2017 metu modelio.<\/p>\n","protected":false},"excerpt":{"rendered":"<p>C63 W205 kebulas<\/p>\n","protected":false},"featured_media":619,"template":"","meta":{"om_disable_all_campaigns":false,"_monsterinsights_skip_tracking":false,"_monsterinsights_sitenote_active":false,"_monsterinsights_sitenote_note":"","_monsterinsights_sitenote_category":0,"_uf_show_specific_survey":0,"_uf_disable_surveys":false,"slim_seo":{"title":"MERCEDES-BENZ C AMG (W205) DROSELIN\u0116 SKLEND\u0116 EOM A2761410125 - Mercedes benz naudotos dalys","description":"C63 W205 kebulas"}},"product_brand":[],"product_cat":[33],"product_tag":[104],"class_list":{"0":"post-618","1":"product","2":"type-product","3":"status-publish","4":"has-post-thumbnail","6":"product_cat-mercedes-benz-variklio-dalys","7":"product_tag-a2761410125","9":"first","10":"instock","11":"taxable","12":"shipping-taxable","13":"purchasable","14":"product-type-simple","15":"berocket_lgv_grid","16":"berocket_lgv_list_grid"},"_links":{"self":[{"href":"https:\/\/valdauto.lt\/index.php?rest_route=\/wp\/v2\/product\/618","targetHints":{"allow":["GET"]}}],"collection":[{"href":"https:\/\/valdauto.lt\/index.php?rest_route=\/wp\/v2\/product"}],"about":[{"href":"https:\/\/valdauto.lt\/index.php?rest_route=\/wp\/v2\/types\/product"}],"version-history":[{"count":1,"href":"https:\/\/valdauto.lt\/index.php?rest_route=\/wp\/v2\/product\/618\/revisions"}],"predecessor-version":[{"id":625,"href":"https:\/\/valdauto.lt\/index.php?rest_route=\/wp\/v2\/product\/618\/revisions\/625"}],"wp:featuredmedia":[{"embeddable":true,"href":"https:\/\/valdauto.lt\/index.php?rest_route=\/wp\/v2\/media\/619"}],"wp:attachment":[{"href":"https:\/\/valdauto.lt\/index.php?rest_route=%2Fwp%2Fv2%2Fmedia&parent=618"}],"wp:term":[{"taxonomy":"product_brand","embeddable":true,"href":"https:\/\/valdauto.lt\/index.php?rest_route=%2Fwp%2Fv2%2Fproduct_brand&post=618"},{"taxonomy":"product_cat","embeddable":true,"href":"https:\/\/valdauto.lt\/index.php?rest_route=%2Fwp%2Fv2%2Fproduct_cat&post=618"},{"taxonomy":"product_tag","embeddable":true,"href":"https:\/\/valdauto.lt\/index.php?rest_route=%2Fwp%2Fv2%2Fproduct_tag&post=618"}],"curies":[{"name":"wp","href":"https:\/\/api.w.org\/{rel}","templated":true}]}}