{"id":607,"date":"2020-09-11T16:56:15","date_gmt":"2020-09-11T14:56:15","guid":{"rendered":"https:\/\/valdauto.lt\/?post_type=product&#038;p=607"},"modified":"2020-09-11T16:56:16","modified_gmt":"2020-09-11T14:56:16","slug":"mercedes-benz-c63-w205-priekines-groteles-pilnos-eom-a2058880523","status":"publish","type":"product","link":"https:\/\/valdauto.lt\/?product=mercedes-benz-c63-w205-priekines-groteles-pilnos-eom-a2058880523","title":{"rendered":"Mercedes benz C63 W205 priekin\u0117s grotel\u0117s pilnos EOM A2058880523"},"content":{"rendered":"<p>Mercedes benz C63 W205 priekin\u0117s grotel\u0117s pilnos EOM A2058880523<\/p>\n","protected":false},"excerpt":{"rendered":"<p>Tinka W205 C63 Coupe \/ Sedan \/ Cabrio<\/p>\n","protected":false},"featured_media":608,"template":"","meta":{"om_disable_all_campaigns":false,"_monsterinsights_skip_tracking":false,"_monsterinsights_sitenote_active":false,"_monsterinsights_sitenote_note":"","_monsterinsights_sitenote_category":0,"_uf_show_specific_survey":0,"_uf_disable_surveys":false,"slim_seo":{"description":"Mercedes benz C63 W205 priekin\u0117s grotel\u0117s pilnos EOM A2058880523","title":"Mercedes benz C63 W205 priekin\u0117s grotel\u0117s pilnos EOM A2058880523 - Mercedes benz naudotos dalys"}},"product_brand":[],"product_cat":[20],"product_tag":[103],"class_list":{"0":"post-607","1":"product","2":"type-product","3":"status-publish","4":"has-post-thumbnail","6":"product_cat-mercedes-benz-kebulo-dalys","7":"product_tag-a2058880523","9":"first","10":"instock","11":"taxable","12":"shipping-taxable","13":"purchasable","14":"product-type-simple","15":"berocket_lgv_grid","16":"berocket_lgv_list_grid"},"_links":{"self":[{"href":"https:\/\/valdauto.lt\/index.php?rest_route=\/wp\/v2\/product\/607","targetHints":{"allow":["GET"]}}],"collection":[{"href":"https:\/\/valdauto.lt\/index.php?rest_route=\/wp\/v2\/product"}],"about":[{"href":"https:\/\/valdauto.lt\/index.php?rest_route=\/wp\/v2\/types\/product"}],"version-history":[{"count":1,"href":"https:\/\/valdauto.lt\/index.php?rest_route=\/wp\/v2\/product\/607\/revisions"}],"predecessor-version":[{"id":617,"href":"https:\/\/valdauto.lt\/index.php?rest_route=\/wp\/v2\/product\/607\/revisions\/617"}],"wp:featuredmedia":[{"embeddable":true,"href":"https:\/\/valdauto.lt\/index.php?rest_route=\/wp\/v2\/media\/608"}],"wp:attachment":[{"href":"https:\/\/valdauto.lt\/index.php?rest_route=%2Fwp%2Fv2%2Fmedia&parent=607"}],"wp:term":[{"taxonomy":"product_brand","embeddable":true,"href":"https:\/\/valdauto.lt\/index.php?rest_route=%2Fwp%2Fv2%2Fproduct_brand&post=607"},{"taxonomy":"product_cat","embeddable":true,"href":"https:\/\/valdauto.lt\/index.php?rest_route=%2Fwp%2Fv2%2Fproduct_cat&post=607"},{"taxonomy":"product_tag","embeddable":true,"href":"https:\/\/valdauto.lt\/index.php?rest_route=%2Fwp%2Fv2%2Fproduct_tag&post=607"}],"curies":[{"name":"wp","href":"https:\/\/api.w.org\/{rel}","templated":true}]}}