{"id":593,"date":"2020-09-11T16:02:03","date_gmt":"2020-09-11T14:02:03","guid":{"rendered":"https:\/\/valdauto.lt\/?post_type=product&#038;p=593"},"modified":"2020-09-11T16:02:03","modified_gmt":"2020-09-11T14:02:03","slug":"mercedes-benz-c-amg-w205-priekine-duru-spyna-a2220063999","status":"publish","type":"product","link":"https:\/\/valdauto.lt\/?product=mercedes-benz-c-amg-w205-priekine-duru-spyna-a2220063999","title":{"rendered":"MERCEDES-BENZ C AMG (W205) PRIEKIN\u0116 DUR\u0172 SPYNA A2220063999"},"content":{"rendered":"<p>MERCEDES-BENZ C AMG (W205) PRIEKIN\u0116 DUR\u0172 SPYNA A2220063999 . Tinka Coupe Cabrio modeliams.<\/p>\n","protected":false},"excerpt":{"rendered":"<p>Tinka Coupe Cabrio modeliams.<\/p>\n","protected":false},"featured_media":594,"template":"","meta":{"om_disable_all_campaigns":false,"_monsterinsights_skip_tracking":false,"_monsterinsights_sitenote_active":false,"_monsterinsights_sitenote_note":"","_monsterinsights_sitenote_category":0,"_uf_show_specific_survey":0,"_uf_disable_surveys":false,"slim_seo":{"title":"MERCEDES-BENZ C AMG (W205) PRIEKIN\u0116 DUR\u0172 SPYNA A2220063999 - Mercedes benz naudotos dalys","description":"Tinka Coupe Cabrio modeliams."}},"product_brand":[],"product_cat":[20],"product_tag":[101],"class_list":{"0":"post-593","1":"product","2":"type-product","3":"status-publish","4":"has-post-thumbnail","6":"product_cat-mercedes-benz-kebulo-dalys","7":"product_tag-a2220063999","9":"first","10":"instock","11":"taxable","12":"shipping-taxable","13":"purchasable","14":"product-type-simple","15":"berocket_lgv_grid","16":"berocket_lgv_list_grid"},"_links":{"self":[{"href":"https:\/\/valdauto.lt\/index.php?rest_route=\/wp\/v2\/product\/593","targetHints":{"allow":["GET"]}}],"collection":[{"href":"https:\/\/valdauto.lt\/index.php?rest_route=\/wp\/v2\/product"}],"about":[{"href":"https:\/\/valdauto.lt\/index.php?rest_route=\/wp\/v2\/types\/product"}],"version-history":[{"count":1,"href":"https:\/\/valdauto.lt\/index.php?rest_route=\/wp\/v2\/product\/593\/revisions"}],"predecessor-version":[{"id":599,"href":"https:\/\/valdauto.lt\/index.php?rest_route=\/wp\/v2\/product\/593\/revisions\/599"}],"wp:featuredmedia":[{"embeddable":true,"href":"https:\/\/valdauto.lt\/index.php?rest_route=\/wp\/v2\/media\/594"}],"wp:attachment":[{"href":"https:\/\/valdauto.lt\/index.php?rest_route=%2Fwp%2Fv2%2Fmedia&parent=593"}],"wp:term":[{"taxonomy":"product_brand","embeddable":true,"href":"https:\/\/valdauto.lt\/index.php?rest_route=%2Fwp%2Fv2%2Fproduct_brand&post=593"},{"taxonomy":"product_cat","embeddable":true,"href":"https:\/\/valdauto.lt\/index.php?rest_route=%2Fwp%2Fv2%2Fproduct_cat&post=593"},{"taxonomy":"product_tag","embeddable":true,"href":"https:\/\/valdauto.lt\/index.php?rest_route=%2Fwp%2Fv2%2Fproduct_tag&post=593"}],"curies":[{"name":"wp","href":"https:\/\/api.w.org\/{rel}","templated":true}]}}