{"id":424,"date":"2020-07-25T09:36:14","date_gmt":"2020-07-25T07:36:14","guid":{"rendered":"http:\/\/valdauto.lt\/?post_type=product&#038;p=424"},"modified":"2020-07-25T09:36:15","modified_gmt":"2020-07-25T07:36:15","slug":"mercedes-benz-glc-coupe-c-klases-vairo-rite-a2059008912","status":"publish","type":"product","link":"https:\/\/valdauto.lt\/?product=mercedes-benz-glc-coupe-c-klases-vairo-rite-a2059008912","title":{"rendered":"Mercedes Benz GLC Coupe C klas\u0117s vairo rit\u0117 A2059008912"},"content":{"rendered":"<p>Mercedes Benz GLC Coupe C klas\u0117s vairo rit\u0117 A2059008912, Testuota .<\/p>\n<p><a href=\"https:\/\/youtu.be\/AD9KGOCPdqA\">https:\/\/youtu.be\/AD9KGOCPdqA<\/a><\/p>\n","protected":false},"excerpt":{"rendered":"<p>Mercedes Benz GLC Coupe C klas\u0117s vairo rit\u0117 A2059008912, Testuota .<\/p>\n","protected":false},"featured_media":425,"template":"","meta":{"om_disable_all_campaigns":false,"_monsterinsights_skip_tracking":false,"_monsterinsights_sitenote_active":false,"_monsterinsights_sitenote_note":"","_monsterinsights_sitenote_category":0,"_uf_show_specific_survey":0,"_uf_disable_surveys":false,"slim_seo":{"title":"Mercedes Benz GLC Coupe C klas\u0117s vairo rit\u0117 A2059008912 - Mercedes benz naudotos dalys","description":"Mercedes Benz GLC Coupe C klas\u0117s vairo rit\u0117 A2059008912, Testuota ."}},"product_brand":[],"product_cat":[31,22],"product_tag":[44],"class_list":{"0":"post-424","1":"product","2":"type-product","3":"status-publish","4":"has-post-thumbnail","6":"product_cat-mercedes-benz-salono-komforto-aksesuarai","7":"product_cat-mercedes-benz-elektronika","8":"product_tag-a2059008912","10":"first","11":"instock","12":"taxable","13":"shipping-taxable","14":"purchasable","15":"product-type-simple","16":"berocket_lgv_grid","17":"berocket_lgv_list_grid"},"_links":{"self":[{"href":"https:\/\/valdauto.lt\/index.php?rest_route=\/wp\/v2\/product\/424","targetHints":{"allow":["GET"]}}],"collection":[{"href":"https:\/\/valdauto.lt\/index.php?rest_route=\/wp\/v2\/product"}],"about":[{"href":"https:\/\/valdauto.lt\/index.php?rest_route=\/wp\/v2\/types\/product"}],"version-history":[{"count":1,"href":"https:\/\/valdauto.lt\/index.php?rest_route=\/wp\/v2\/product\/424\/revisions"}],"predecessor-version":[{"id":429,"href":"https:\/\/valdauto.lt\/index.php?rest_route=\/wp\/v2\/product\/424\/revisions\/429"}],"wp:featuredmedia":[{"embeddable":true,"href":"https:\/\/valdauto.lt\/index.php?rest_route=\/wp\/v2\/media\/425"}],"wp:attachment":[{"href":"https:\/\/valdauto.lt\/index.php?rest_route=%2Fwp%2Fv2%2Fmedia&parent=424"}],"wp:term":[{"taxonomy":"product_brand","embeddable":true,"href":"https:\/\/valdauto.lt\/index.php?rest_route=%2Fwp%2Fv2%2Fproduct_brand&post=424"},{"taxonomy":"product_cat","embeddable":true,"href":"https:\/\/valdauto.lt\/index.php?rest_route=%2Fwp%2Fv2%2Fproduct_cat&post=424"},{"taxonomy":"product_tag","embeddable":true,"href":"https:\/\/valdauto.lt\/index.php?rest_route=%2Fwp%2Fv2%2Fproduct_tag&post=424"}],"curies":[{"name":"wp","href":"https:\/\/api.w.org\/{rel}","templated":true}]}}