{"id":402,"date":"2020-07-24T18:12:44","date_gmt":"2020-07-24T16:12:44","guid":{"rendered":"http:\/\/valdauto.lt\/?post_type=product&#038;p=402"},"modified":"2020-07-24T18:12:44","modified_gmt":"2020-07-24T16:12:44","slug":"mercedes-benz-c-glc-kalses-amg-vairas-su-oro-pagalve","status":"publish","type":"product","link":"https:\/\/valdauto.lt\/?product=mercedes-benz-c-glc-kalses-amg-vairas-su-oro-pagalve","title":{"rendered":"Mercedes Benz C GLC kals\u0117s AMG vairas su oro pagalv\u0117"},"content":{"rendered":"<p>Mercedes Benz C GLC kals\u0117s AMG vairas su oro pagalv\u0117 , tinka ir kitiems modeliams.<\/p>\n","protected":false},"excerpt":{"rendered":"<p>Mercedes Benz C GLC kals\u0117s AMG vairas su oro pagalv\u0117 , tinka ir kitiems modeliams.<\/p>\n","protected":false},"featured_media":404,"template":"","meta":{"om_disable_all_campaigns":false,"_monsterinsights_skip_tracking":false,"_monsterinsights_sitenote_active":false,"_monsterinsights_sitenote_note":"","_monsterinsights_sitenote_category":0,"_uf_show_specific_survey":0,"_uf_disable_surveys":false,"slim_seo":{"title":"Mercedes Benz C GLC kals\u0117s AMG vairas su oro pagalv\u0117 - Mercedes benz naudotos dalys","description":"Mercedes Benz C GLC kals\u0117s AMG vairas su oro pagalv\u0117 , tinka ir kitiems modeliams."}},"product_brand":[],"product_cat":[31],"product_tag":[62],"class_list":{"0":"post-402","1":"product","2":"type-product","3":"status-publish","4":"has-post-thumbnail","6":"product_cat-mercedes-benz-salono-komforto-aksesuarai","7":"product_tag-amg","9":"first","10":"instock","11":"taxable","12":"shipping-taxable","13":"purchasable","14":"product-type-simple","15":"berocket_lgv_grid","16":"berocket_lgv_list_grid"},"_links":{"self":[{"href":"https:\/\/valdauto.lt\/index.php?rest_route=\/wp\/v2\/product\/402","targetHints":{"allow":["GET"]}}],"collection":[{"href":"https:\/\/valdauto.lt\/index.php?rest_route=\/wp\/v2\/product"}],"about":[{"href":"https:\/\/valdauto.lt\/index.php?rest_route=\/wp\/v2\/types\/product"}],"version-history":[{"count":1,"href":"https:\/\/valdauto.lt\/index.php?rest_route=\/wp\/v2\/product\/402\/revisions"}],"predecessor-version":[{"id":407,"href":"https:\/\/valdauto.lt\/index.php?rest_route=\/wp\/v2\/product\/402\/revisions\/407"}],"wp:featuredmedia":[{"embeddable":true,"href":"https:\/\/valdauto.lt\/index.php?rest_route=\/wp\/v2\/media\/404"}],"wp:attachment":[{"href":"https:\/\/valdauto.lt\/index.php?rest_route=%2Fwp%2Fv2%2Fmedia&parent=402"}],"wp:term":[{"taxonomy":"product_brand","embeddable":true,"href":"https:\/\/valdauto.lt\/index.php?rest_route=%2Fwp%2Fv2%2Fproduct_brand&post=402"},{"taxonomy":"product_cat","embeddable":true,"href":"https:\/\/valdauto.lt\/index.php?rest_route=%2Fwp%2Fv2%2Fproduct_cat&post=402"},{"taxonomy":"product_tag","embeddable":true,"href":"https:\/\/valdauto.lt\/index.php?rest_route=%2Fwp%2Fv2%2Fproduct_tag&post=402"}],"curies":[{"name":"wp","href":"https:\/\/api.w.org\/{rel}","templated":true}]}}