{"id":395,"date":"2020-07-24T18:01:52","date_gmt":"2020-07-24T16:01:52","guid":{"rendered":"http:\/\/valdauto.lt\/?post_type=product&#038;p=395"},"modified":"2020-07-24T18:01:53","modified_gmt":"2020-07-24T16:01:53","slug":"mercedes-benz-c-klases-distroniko-zenklas-a0008880011","status":"publish","type":"product","link":"https:\/\/valdauto.lt\/?product=mercedes-benz-c-klases-distroniko-zenklas-a0008880011","title":{"rendered":"Mercedes Benz C klas\u0117s distroniko \u017eenklas A0008880011"},"content":{"rendered":"<p>Mercedes Benz C klas\u0117s distroniko \u017eenklas A0008880011 . Tinka daugelis modeli\u0173<\/p>\n","protected":false},"excerpt":{"rendered":"<p>Mercedes Benz C klas\u0117s distroniko \u017eenklas A0008880011 . Tinka daugelis modeli\u0173<\/p>\n","protected":false},"featured_media":398,"template":"","meta":{"om_disable_all_campaigns":false,"_monsterinsights_skip_tracking":false,"_monsterinsights_sitenote_active":false,"_monsterinsights_sitenote_note":"","_monsterinsights_sitenote_category":0,"_uf_show_specific_survey":0,"_uf_disable_surveys":false,"slim_seo":{"title":"Mercedes Benz C klas\u0117s distroniko \u017eenklas A0008880011 - Mercedes benz naudotos dalys","description":"Mercedes Benz C klas\u0117s distroniko \u017eenklas A0008880011 . Tinka daugelis modeli\u0173"}},"product_brand":[],"product_cat":[20],"product_tag":[83],"class_list":{"0":"post-395","1":"product","2":"type-product","3":"status-publish","4":"has-post-thumbnail","6":"product_cat-mercedes-benz-kebulo-dalys","7":"product_tag-a0008880011","9":"first","10":"instock","11":"taxable","12":"shipping-taxable","13":"purchasable","14":"product-type-simple","15":"berocket_lgv_grid","16":"berocket_lgv_list_grid"},"_links":{"self":[{"href":"https:\/\/valdauto.lt\/index.php?rest_route=\/wp\/v2\/product\/395","targetHints":{"allow":["GET"]}}],"collection":[{"href":"https:\/\/valdauto.lt\/index.php?rest_route=\/wp\/v2\/product"}],"about":[{"href":"https:\/\/valdauto.lt\/index.php?rest_route=\/wp\/v2\/types\/product"}],"version-history":[{"count":1,"href":"https:\/\/valdauto.lt\/index.php?rest_route=\/wp\/v2\/product\/395\/revisions"}],"predecessor-version":[{"id":401,"href":"https:\/\/valdauto.lt\/index.php?rest_route=\/wp\/v2\/product\/395\/revisions\/401"}],"wp:featuredmedia":[{"embeddable":true,"href":"https:\/\/valdauto.lt\/index.php?rest_route=\/wp\/v2\/media\/398"}],"wp:attachment":[{"href":"https:\/\/valdauto.lt\/index.php?rest_route=%2Fwp%2Fv2%2Fmedia&parent=395"}],"wp:term":[{"taxonomy":"product_brand","embeddable":true,"href":"https:\/\/valdauto.lt\/index.php?rest_route=%2Fwp%2Fv2%2Fproduct_brand&post=395"},{"taxonomy":"product_cat","embeddable":true,"href":"https:\/\/valdauto.lt\/index.php?rest_route=%2Fwp%2Fv2%2Fproduct_cat&post=395"},{"taxonomy":"product_tag","embeddable":true,"href":"https:\/\/valdauto.lt\/index.php?rest_route=%2Fwp%2Fv2%2Fproduct_tag&post=395"}],"curies":[{"name":"wp","href":"https:\/\/api.w.org\/{rel}","templated":true}]}}