{"id":366,"date":"2020-07-24T16:15:03","date_gmt":"2020-07-24T14:15:03","guid":{"rendered":"http:\/\/valdauto.lt\/?post_type=product&#038;p=366"},"modified":"2022-12-05T15:35:53","modified_gmt":"2022-12-05T13:35:53","slug":"mercedes-benz-glc-coupe-srs-airbag-stogo-desine-a2538604800","status":"publish","type":"product","link":"https:\/\/valdauto.lt\/?product=mercedes-benz-glc-coupe-srs-airbag-stogo-desine-a2538604800","title":{"rendered":"Mercedes Benz GLC Coupe SRS Airbag stogo De\u0161in\u0117 A2538604800"},"content":{"rendered":"<p>Mercedes Benz GLC Coupe SRS Airbag stogo De\u0161in\u0117 A2538604800, nuo 2018 met\u0173 modelio .<\/p>\n","protected":false},"excerpt":{"rendered":"<p>Mercedes Benz GLC Coupe SRS Airbag stogo De\u0161in\u0117 A2538604800, nuo 2018 met\u0173 modelio .<\/p>\n","protected":false},"featured_media":367,"template":"","meta":{"om_disable_all_campaigns":false,"_monsterinsights_skip_tracking":false,"_monsterinsights_sitenote_active":false,"_monsterinsights_sitenote_note":"","_monsterinsights_sitenote_category":0,"_uf_show_specific_survey":0,"_uf_disable_surveys":false,"slim_seo":{"title":"Mercedes Benz GLC Coupe SRS Airbag stogo De\u0161in\u0117 A2538604800 - Mercedes benz naudotos dalys","description":"Mercedes Benz GLC Coupe SRS Airbag stogo De\u0161in\u0117 A2538604800, nuo 2018 met\u0173 modelio ."}},"product_brand":[],"product_cat":[74],"product_tag":[78],"class_list":{"0":"post-366","1":"product","2":"type-product","3":"status-publish","4":"has-post-thumbnail","6":"product_cat-mercedes-benz-airbag","7":"product_tag-a2538604800","9":"first","10":"instock","11":"taxable","12":"shipping-taxable","13":"purchasable","14":"product-type-simple","15":"berocket_lgv_grid","16":"berocket_lgv_list_grid"},"_links":{"self":[{"href":"https:\/\/valdauto.lt\/index.php?rest_route=\/wp\/v2\/product\/366","targetHints":{"allow":["GET"]}}],"collection":[{"href":"https:\/\/valdauto.lt\/index.php?rest_route=\/wp\/v2\/product"}],"about":[{"href":"https:\/\/valdauto.lt\/index.php?rest_route=\/wp\/v2\/types\/product"}],"version-history":[{"count":1,"href":"https:\/\/valdauto.lt\/index.php?rest_route=\/wp\/v2\/product\/366\/revisions"}],"predecessor-version":[{"id":369,"href":"https:\/\/valdauto.lt\/index.php?rest_route=\/wp\/v2\/product\/366\/revisions\/369"}],"wp:featuredmedia":[{"embeddable":true,"href":"https:\/\/valdauto.lt\/index.php?rest_route=\/wp\/v2\/media\/367"}],"wp:attachment":[{"href":"https:\/\/valdauto.lt\/index.php?rest_route=%2Fwp%2Fv2%2Fmedia&parent=366"}],"wp:term":[{"taxonomy":"product_brand","embeddable":true,"href":"https:\/\/valdauto.lt\/index.php?rest_route=%2Fwp%2Fv2%2Fproduct_brand&post=366"},{"taxonomy":"product_cat","embeddable":true,"href":"https:\/\/valdauto.lt\/index.php?rest_route=%2Fwp%2Fv2%2Fproduct_cat&post=366"},{"taxonomy":"product_tag","embeddable":true,"href":"https:\/\/valdauto.lt\/index.php?rest_route=%2Fwp%2Fv2%2Fproduct_tag&post=366"}],"curies":[{"name":"wp","href":"https:\/\/api.w.org\/{rel}","templated":true}]}}