{"id":34,"date":"2020-07-22T19:28:59","date_gmt":"2020-07-22T17:28:59","guid":{"rendered":"http:\/\/valdauto.lt\/?post_type=product&#038;p=34"},"modified":"2020-07-23T16:54:42","modified_gmt":"2020-07-23T14:54:42","slug":"mercedes-benz-sviesu-jungiklis-a2059051810","status":"publish","type":"product","link":"https:\/\/valdauto.lt\/?product=mercedes-benz-sviesu-jungiklis-a2059051810","title":{"rendered":"Mercedes Benz \u0161vies\u0173 jungiklis A2059051810"},"content":{"rendered":"<p>Mercedes Benz \u0161vies\u0173 jungiklis A2059051810<\/p>\n","protected":false},"excerpt":{"rendered":"<p>Mercedes Benz \u0161vies\u0173 jungiklis A2059051810<\/p>\n","protected":false},"featured_media":36,"template":"","meta":{"om_disable_all_campaigns":false,"_monsterinsights_skip_tracking":false,"_monsterinsights_sitenote_active":false,"_monsterinsights_sitenote_note":"","_monsterinsights_sitenote_category":0,"_uf_show_specific_survey":0,"_uf_disable_surveys":false,"slim_seo":{"title":"Mercedes Benz \u0161vies\u0173 jungiklis A2059051810 - Mercedes benz naudotos dalys","description":"Mercedes Benz \u0161vies\u0173 jungiklis A2059051810"}},"product_brand":[],"product_cat":[31,22],"product_tag":[26,27],"class_list":{"0":"post-34","1":"product","2":"type-product","3":"status-publish","4":"has-post-thumbnail","6":"product_cat-mercedes-benz-salono-komforto-aksesuarai","7":"product_cat-mercedes-benz-elektronika","8":"product_tag-a2059051810","9":"product_tag-a2059058309","11":"first","12":"instock","13":"taxable","14":"shipping-taxable","15":"purchasable","16":"product-type-simple","17":"berocket_lgv_grid","18":"berocket_lgv_list_grid"},"_links":{"self":[{"href":"https:\/\/valdauto.lt\/index.php?rest_route=\/wp\/v2\/product\/34","targetHints":{"allow":["GET"]}}],"collection":[{"href":"https:\/\/valdauto.lt\/index.php?rest_route=\/wp\/v2\/product"}],"about":[{"href":"https:\/\/valdauto.lt\/index.php?rest_route=\/wp\/v2\/types\/product"}],"version-history":[{"count":1,"href":"https:\/\/valdauto.lt\/index.php?rest_route=\/wp\/v2\/product\/34\/revisions"}],"predecessor-version":[{"id":141,"href":"https:\/\/valdauto.lt\/index.php?rest_route=\/wp\/v2\/product\/34\/revisions\/141"}],"wp:featuredmedia":[{"embeddable":true,"href":"https:\/\/valdauto.lt\/index.php?rest_route=\/wp\/v2\/media\/36"}],"wp:attachment":[{"href":"https:\/\/valdauto.lt\/index.php?rest_route=%2Fwp%2Fv2%2Fmedia&parent=34"}],"wp:term":[{"taxonomy":"product_brand","embeddable":true,"href":"https:\/\/valdauto.lt\/index.php?rest_route=%2Fwp%2Fv2%2Fproduct_brand&post=34"},{"taxonomy":"product_cat","embeddable":true,"href":"https:\/\/valdauto.lt\/index.php?rest_route=%2Fwp%2Fv2%2Fproduct_cat&post=34"},{"taxonomy":"product_tag","embeddable":true,"href":"https:\/\/valdauto.lt\/index.php?rest_route=%2Fwp%2Fv2%2Fproduct_tag&post=34"}],"curies":[{"name":"wp","href":"https:\/\/api.w.org\/{rel}","templated":true}]}}