{"id":323,"date":"2020-07-23T21:44:06","date_gmt":"2020-07-23T19:44:06","guid":{"rendered":"http:\/\/valdauto.lt\/?post_type=product&#038;p=323"},"modified":"2020-07-23T21:44:06","modified_gmt":"2020-07-23T19:44:06","slug":"mercedes-benz-c-klases-w205-priekiniai-led-zibintai","status":"publish","type":"product","link":"https:\/\/valdauto.lt\/?product=mercedes-benz-c-klases-w205-priekiniai-led-zibintai","title":{"rendered":"Mercedes Benz C klas\u0117s (W205) priekiniai LED \u017eibintai"},"content":{"rendered":"<p>Mercedes Benz C klas\u0117s (W205) priekiniai LED \u017eibintai. Testuoti perdaryti i\u0161 UK<\/p>\n","protected":false},"excerpt":{"rendered":"<p>Mercedes Benz C klas\u0117s (W205) priekiniai LED \u017eibintai. Testuoti perdaryti i\u0161 UK<\/p>\n","protected":false},"featured_media":324,"template":"","meta":{"om_disable_all_campaigns":false,"_monsterinsights_skip_tracking":false,"_monsterinsights_sitenote_active":false,"_monsterinsights_sitenote_note":"","_monsterinsights_sitenote_category":0,"_uf_show_specific_survey":0,"_uf_disable_surveys":false,"slim_seo":{"title":"Mercedes Benz C klas\u0117s (W205) priekiniai LED \u017eibintai - Mercedes benz naudotos dalys","description":"Mercedes Benz C klas\u0117s (W205) priekiniai LED \u017eibintai. Testuoti perdaryti i\u0161 UK"}},"product_brand":[],"product_cat":[22,21],"product_tag":[72,39],"class_list":{"0":"post-323","1":"product","2":"type-product","3":"status-publish","4":"has-post-thumbnail","6":"product_cat-mercedes-benz-elektronika","7":"product_cat-mercedes-benz-zibintai","8":"product_tag-led","9":"product_tag-w205","11":"first","12":"instock","13":"taxable","14":"shipping-taxable","15":"purchasable","16":"product-type-simple","17":"berocket_lgv_grid","18":"berocket_lgv_list_grid"},"_links":{"self":[{"href":"https:\/\/valdauto.lt\/index.php?rest_route=\/wp\/v2\/product\/323","targetHints":{"allow":["GET"]}}],"collection":[{"href":"https:\/\/valdauto.lt\/index.php?rest_route=\/wp\/v2\/product"}],"about":[{"href":"https:\/\/valdauto.lt\/index.php?rest_route=\/wp\/v2\/types\/product"}],"version-history":[{"count":1,"href":"https:\/\/valdauto.lt\/index.php?rest_route=\/wp\/v2\/product\/323\/revisions"}],"predecessor-version":[{"id":329,"href":"https:\/\/valdauto.lt\/index.php?rest_route=\/wp\/v2\/product\/323\/revisions\/329"}],"wp:featuredmedia":[{"embeddable":true,"href":"https:\/\/valdauto.lt\/index.php?rest_route=\/wp\/v2\/media\/324"}],"wp:attachment":[{"href":"https:\/\/valdauto.lt\/index.php?rest_route=%2Fwp%2Fv2%2Fmedia&parent=323"}],"wp:term":[{"taxonomy":"product_brand","embeddable":true,"href":"https:\/\/valdauto.lt\/index.php?rest_route=%2Fwp%2Fv2%2Fproduct_brand&post=323"},{"taxonomy":"product_cat","embeddable":true,"href":"https:\/\/valdauto.lt\/index.php?rest_route=%2Fwp%2Fv2%2Fproduct_cat&post=323"},{"taxonomy":"product_tag","embeddable":true,"href":"https:\/\/valdauto.lt\/index.php?rest_route=%2Fwp%2Fv2%2Fproduct_tag&post=323"}],"curies":[{"name":"wp","href":"https:\/\/api.w.org\/{rel}","templated":true}]}}