{"id":317,"date":"2020-07-23T21:38:37","date_gmt":"2020-07-23T19:38:37","guid":{"rendered":"http:\/\/valdauto.lt\/?post_type=product&#038;p=317"},"modified":"2020-07-23T21:38:37","modified_gmt":"2020-07-23T19:38:37","slug":"mercedes-benz-glc-galinis-desines-puses-zibintas-a2539061200","status":"publish","type":"product","link":"https:\/\/valdauto.lt\/?product=mercedes-benz-glc-galinis-desines-puses-zibintas-a2539061200","title":{"rendered":"Mercedes Benz GLC Galinis De\u0161in\u0117s Pus\u0117s \u017dibintas A2539061200"},"content":{"rendered":"<p>Mercedes Benz GLC Galinis De\u0161in\u0117s Pus\u0117s \u017dibintas A2539061200 USA<\/p>\n","protected":false},"excerpt":{"rendered":"<p>Mercedes Benz GLC Galinis De\u0161in\u0117s Pus\u0117s \u017dibintas A2539061200 USA<\/p>\n","protected":false},"featured_media":318,"template":"","meta":{"om_disable_all_campaigns":false,"_monsterinsights_skip_tracking":false,"_monsterinsights_sitenote_active":false,"_monsterinsights_sitenote_note":"","_monsterinsights_sitenote_category":0,"_uf_show_specific_survey":0,"_uf_disable_surveys":false,"slim_seo":{"title":"Mercedes Benz GLC Galinis De\u0161in\u0117s Pus\u0117s \u017dibintas A2539061200 - Mercedes benz naudotos dalys","description":"Mercedes Benz GLC Galinis De\u0161in\u0117s Pus\u0117s \u017dibintas A2539061200 USA"}},"product_brand":[],"product_cat":[22,21],"product_tag":[71],"class_list":{"0":"post-317","1":"product","2":"type-product","3":"status-publish","4":"has-post-thumbnail","6":"product_cat-mercedes-benz-elektronika","7":"product_cat-mercedes-benz-zibintai","8":"product_tag-a2539061200","10":"first","11":"instock","12":"taxable","13":"shipping-taxable","14":"purchasable","15":"product-type-simple","16":"berocket_lgv_grid","17":"berocket_lgv_list_grid"},"_links":{"self":[{"href":"https:\/\/valdauto.lt\/index.php?rest_route=\/wp\/v2\/product\/317","targetHints":{"allow":["GET"]}}],"collection":[{"href":"https:\/\/valdauto.lt\/index.php?rest_route=\/wp\/v2\/product"}],"about":[{"href":"https:\/\/valdauto.lt\/index.php?rest_route=\/wp\/v2\/types\/product"}],"version-history":[{"count":2,"href":"https:\/\/valdauto.lt\/index.php?rest_route=\/wp\/v2\/product\/317\/revisions"}],"predecessor-version":[{"id":322,"href":"https:\/\/valdauto.lt\/index.php?rest_route=\/wp\/v2\/product\/317\/revisions\/322"}],"wp:featuredmedia":[{"embeddable":true,"href":"https:\/\/valdauto.lt\/index.php?rest_route=\/wp\/v2\/media\/318"}],"wp:attachment":[{"href":"https:\/\/valdauto.lt\/index.php?rest_route=%2Fwp%2Fv2%2Fmedia&parent=317"}],"wp:term":[{"taxonomy":"product_brand","embeddable":true,"href":"https:\/\/valdauto.lt\/index.php?rest_route=%2Fwp%2Fv2%2Fproduct_brand&post=317"},{"taxonomy":"product_cat","embeddable":true,"href":"https:\/\/valdauto.lt\/index.php?rest_route=%2Fwp%2Fv2%2Fproduct_cat&post=317"},{"taxonomy":"product_tag","embeddable":true,"href":"https:\/\/valdauto.lt\/index.php?rest_route=%2Fwp%2Fv2%2Fproduct_tag&post=317"}],"curies":[{"name":"wp","href":"https:\/\/api.w.org\/{rel}","templated":true}]}}