{"id":253,"date":"2020-07-23T19:37:19","date_gmt":"2020-07-23T17:37:19","guid":{"rendered":"http:\/\/valdauto.lt\/?post_type=product&#038;p=253"},"modified":"2020-07-23T19:37:19","modified_gmt":"2020-07-23T17:37:19","slug":"mercedes-benz-veidrodzio-stiklas-desines-puses-a0998100216","status":"publish","type":"product","link":"https:\/\/valdauto.lt\/?product=mercedes-benz-veidrodzio-stiklas-desines-puses-a0998100216","title":{"rendered":"Mercedes Benz veidrod\u017eio stiklas  de\u0161in\u0117s pus\u0117s A0998100216"},"content":{"rendered":"<p>Mercedes Benz veidrod\u017eio stiklas A0998100216 . Tinka daugeliui modeliui C GLC S klas\u0117s modeliams. \u0160ildomas, tams\u0117jantis.<\/p>\n","protected":false},"excerpt":{"rendered":"<p>Mercedes Benz veidrod\u017eio stiklas A0998100216 . Tinka daugeliui modeliui C GLC S klas\u0117s modeliams. \u0160ildomas, tams\u0117jantis.<\/p>\n","protected":false},"featured_media":254,"template":"","meta":{"om_disable_all_campaigns":false,"_monsterinsights_skip_tracking":false,"_monsterinsights_sitenote_active":false,"_monsterinsights_sitenote_note":"","_monsterinsights_sitenote_category":0,"_uf_show_specific_survey":0,"_uf_disable_surveys":false,"slim_seo":{"title":"Mercedes Benz veidrod\u017eio stiklas de\u0161in\u0117s pus\u0117s A0998100216 - Mercedes benz naudotos dalys","description":"Mercedes Benz veidrod\u017eio stiklas A0998100216 . Tinka daugeliui modeliui C GLC S klas\u0117s modeliams. \u0160ildomas, tams\u0117jantis."}},"product_brand":[],"product_cat":[20],"product_tag":[67],"class_list":{"0":"post-253","1":"product","2":"type-product","3":"status-publish","4":"has-post-thumbnail","6":"product_cat-mercedes-benz-kebulo-dalys","7":"product_tag-a0998100216","9":"first","10":"instock","11":"taxable","12":"shipping-taxable","13":"purchasable","14":"product-type-simple","15":"berocket_lgv_grid","16":"berocket_lgv_list_grid"},"_links":{"self":[{"href":"https:\/\/valdauto.lt\/index.php?rest_route=\/wp\/v2\/product\/253","targetHints":{"allow":["GET"]}}],"collection":[{"href":"https:\/\/valdauto.lt\/index.php?rest_route=\/wp\/v2\/product"}],"about":[{"href":"https:\/\/valdauto.lt\/index.php?rest_route=\/wp\/v2\/types\/product"}],"version-history":[{"count":1,"href":"https:\/\/valdauto.lt\/index.php?rest_route=\/wp\/v2\/product\/253\/revisions"}],"predecessor-version":[{"id":258,"href":"https:\/\/valdauto.lt\/index.php?rest_route=\/wp\/v2\/product\/253\/revisions\/258"}],"wp:featuredmedia":[{"embeddable":true,"href":"https:\/\/valdauto.lt\/index.php?rest_route=\/wp\/v2\/media\/254"}],"wp:attachment":[{"href":"https:\/\/valdauto.lt\/index.php?rest_route=%2Fwp%2Fv2%2Fmedia&parent=253"}],"wp:term":[{"taxonomy":"product_brand","embeddable":true,"href":"https:\/\/valdauto.lt\/index.php?rest_route=%2Fwp%2Fv2%2Fproduct_brand&post=253"},{"taxonomy":"product_cat","embeddable":true,"href":"https:\/\/valdauto.lt\/index.php?rest_route=%2Fwp%2Fv2%2Fproduct_cat&post=253"},{"taxonomy":"product_tag","embeddable":true,"href":"https:\/\/valdauto.lt\/index.php?rest_route=%2Fwp%2Fv2%2Fproduct_tag&post=253"}],"curies":[{"name":"wp","href":"https:\/\/api.w.org\/{rel}","templated":true}]}}