{"id":2251,"date":"2023-01-28T12:53:57","date_gmt":"2023-01-28T10:53:57","guid":{"rendered":"https:\/\/valdauto.lt\/?post_type=product&#038;p=2251"},"modified":"2023-01-28T12:53:57","modified_gmt":"2023-01-28T10:53:57","slug":"mercedes-benz-led-zibintu-valdymo-blokas-a2479004204","status":"publish","type":"product","link":"https:\/\/valdauto.lt\/?product=mercedes-benz-led-zibintu-valdymo-blokas-a2479004204","title":{"rendered":"MERCEDES BENZ LED \u017eibint\u0173 valdymo blokas A2479004204"},"content":{"rendered":"<p>MERCEDES BENZ LED \u017eibint\u0173 valdymo blokas A2479004204<\/p>\n","protected":false},"excerpt":{"rendered":"<p>Testuotas . Tinka daugelis modeli\u0173 .<\/p>\n","protected":false},"featured_media":2252,"template":"","meta":{"om_disable_all_campaigns":false,"_monsterinsights_skip_tracking":false,"_monsterinsights_sitenote_active":false,"_monsterinsights_sitenote_note":"","_monsterinsights_sitenote_category":0,"_uf_show_specific_survey":0,"_uf_disable_surveys":false,"slim_seo":{"title":"MERCEDES BENZ LED \u017eibint\u0173 valdymo blokas A2479004204","description":"MERCEDES BENZ LED \u017eibint\u0173 valdymo blokas A2479004204"}},"product_brand":[],"product_cat":[22,21],"product_tag":[597],"class_list":{"0":"post-2251","1":"product","2":"type-product","3":"status-publish","4":"has-post-thumbnail","6":"product_cat-mercedes-benz-elektronika","7":"product_cat-mercedes-benz-zibintai","8":"product_tag-a2479004204","10":"first","11":"instock","12":"taxable","13":"shipping-taxable","14":"purchasable","15":"product-type-simple","16":"berocket_lgv_grid","17":"berocket_lgv_list_grid"},"_links":{"self":[{"href":"https:\/\/valdauto.lt\/index.php?rest_route=\/wp\/v2\/product\/2251","targetHints":{"allow":["GET"]}}],"collection":[{"href":"https:\/\/valdauto.lt\/index.php?rest_route=\/wp\/v2\/product"}],"about":[{"href":"https:\/\/valdauto.lt\/index.php?rest_route=\/wp\/v2\/types\/product"}],"version-history":[{"count":1,"href":"https:\/\/valdauto.lt\/index.php?rest_route=\/wp\/v2\/product\/2251\/revisions"}],"predecessor-version":[{"id":2253,"href":"https:\/\/valdauto.lt\/index.php?rest_route=\/wp\/v2\/product\/2251\/revisions\/2253"}],"wp:featuredmedia":[{"embeddable":true,"href":"https:\/\/valdauto.lt\/index.php?rest_route=\/wp\/v2\/media\/2252"}],"wp:attachment":[{"href":"https:\/\/valdauto.lt\/index.php?rest_route=%2Fwp%2Fv2%2Fmedia&parent=2251"}],"wp:term":[{"taxonomy":"product_brand","embeddable":true,"href":"https:\/\/valdauto.lt\/index.php?rest_route=%2Fwp%2Fv2%2Fproduct_brand&post=2251"},{"taxonomy":"product_cat","embeddable":true,"href":"https:\/\/valdauto.lt\/index.php?rest_route=%2Fwp%2Fv2%2Fproduct_cat&post=2251"},{"taxonomy":"product_tag","embeddable":true,"href":"https:\/\/valdauto.lt\/index.php?rest_route=%2Fwp%2Fv2%2Fproduct_tag&post=2251"}],"curies":[{"name":"wp","href":"https:\/\/api.w.org\/{rel}","templated":true}]}}