{"id":2248,"date":"2023-01-26T18:48:27","date_gmt":"2023-01-26T16:48:27","guid":{"rendered":"https:\/\/valdauto.lt\/?post_type=product&#038;p=2248"},"modified":"2023-01-26T18:48:27","modified_gmt":"2023-01-26T16:48:27","slug":"mercedes-benz-w2013-2017-2019-multibeam-priekiniai-zibintai","status":"publish","type":"product","link":"https:\/\/valdauto.lt\/?product=mercedes-benz-w2013-2017-2019-multibeam-priekiniai-zibintai","title":{"rendered":"Mercedes Benz W2013 2017 2019 Multibeam priekiniai \u017eibintai"},"content":{"rendered":"<p>USA versija .<\/p>\n","protected":false},"excerpt":{"rendered":"<p>Turi smulki\u0173 vizuali\u0173 defekt\u0173 , naturalus sisidev\u0117jimas , Testuoti.<\/p>\n","protected":false},"featured_media":2249,"template":"","meta":{"om_disable_all_campaigns":false,"_monsterinsights_skip_tracking":false,"_monsterinsights_sitenote_active":false,"_monsterinsights_sitenote_note":"","_monsterinsights_sitenote_category":0,"_uf_show_specific_survey":0,"_uf_disable_surveys":false,"slim_seo":{"title":"Mercedes Benz W2013 2017 2019 Multibeam priekiniai \u017eibintai","description":"Mercedes Benz W2013 2017 2019 Multibeam priekiniai \u017eibintai"}},"product_brand":[],"product_cat":[21],"product_tag":[533,596],"class_list":{"0":"post-2248","1":"product","2":"type-product","3":"status-publish","4":"has-post-thumbnail","6":"product_cat-mercedes-benz-zibintai","7":"product_tag-a2139068506","8":"product_tag-a2139068606","10":"first","11":"instock","12":"taxable","13":"shipping-taxable","14":"purchasable","15":"product-type-simple","16":"berocket_lgv_grid","17":"berocket_lgv_list_grid"},"_links":{"self":[{"href":"https:\/\/valdauto.lt\/index.php?rest_route=\/wp\/v2\/product\/2248","targetHints":{"allow":["GET"]}}],"collection":[{"href":"https:\/\/valdauto.lt\/index.php?rest_route=\/wp\/v2\/product"}],"about":[{"href":"https:\/\/valdauto.lt\/index.php?rest_route=\/wp\/v2\/types\/product"}],"version-history":[{"count":1,"href":"https:\/\/valdauto.lt\/index.php?rest_route=\/wp\/v2\/product\/2248\/revisions"}],"predecessor-version":[{"id":2250,"href":"https:\/\/valdauto.lt\/index.php?rest_route=\/wp\/v2\/product\/2248\/revisions\/2250"}],"wp:featuredmedia":[{"embeddable":true,"href":"https:\/\/valdauto.lt\/index.php?rest_route=\/wp\/v2\/media\/2249"}],"wp:attachment":[{"href":"https:\/\/valdauto.lt\/index.php?rest_route=%2Fwp%2Fv2%2Fmedia&parent=2248"}],"wp:term":[{"taxonomy":"product_brand","embeddable":true,"href":"https:\/\/valdauto.lt\/index.php?rest_route=%2Fwp%2Fv2%2Fproduct_brand&post=2248"},{"taxonomy":"product_cat","embeddable":true,"href":"https:\/\/valdauto.lt\/index.php?rest_route=%2Fwp%2Fv2%2Fproduct_cat&post=2248"},{"taxonomy":"product_tag","embeddable":true,"href":"https:\/\/valdauto.lt\/index.php?rest_route=%2Fwp%2Fv2%2Fproduct_tag&post=2248"}],"curies":[{"name":"wp","href":"https:\/\/api.w.org\/{rel}","templated":true}]}}