{"id":2245,"date":"2023-01-26T18:45:43","date_gmt":"2023-01-26T16:45:43","guid":{"rendered":"https:\/\/valdauto.lt\/?post_type=product&#038;p=2245"},"modified":"2023-01-26T18:45:43","modified_gmt":"2023-01-26T16:45:43","slug":"mercedes-benz-e-klases-w213-multibeam-zibintas-desine-puse-a2139068606","status":"publish","type":"product","link":"https:\/\/valdauto.lt\/?product=mercedes-benz-e-klases-w213-multibeam-zibintas-desine-puse-a2139068606","title":{"rendered":"Mercedes Benz E klas\u0117s W213 Multibeam \u017eibintas de\u0161in\u0117 pus\u0117 A2139068606"},"content":{"rendered":"<p>Mercedes Benz E klas\u0117s multimeam \u017eibintas de\u0161in\u0117s pus\u0117s EOM A2139068606<\/p>\n","protected":false},"excerpt":{"rendered":"<p>Turi smulk\u0173 defekt\u0105 . testuotas .<\/p>\n","protected":false},"featured_media":2246,"template":"","meta":{"om_disable_all_campaigns":false,"_monsterinsights_skip_tracking":false,"_monsterinsights_sitenote_active":false,"_monsterinsights_sitenote_note":"","_monsterinsights_sitenote_category":0,"_uf_show_specific_survey":0,"_uf_disable_surveys":false,"slim_seo":{"title":"Mercedes Benz \u017eibintas de\u0161in\u0117s pus\u0117s EOM A2139068606","description":"Mercedes Benz E klas\u0117s multimeam \u017eibintas de\u0161in\u0117s pus\u0117s EOM A2139068606"}},"product_brand":[],"product_cat":[21],"product_tag":[596],"class_list":{"0":"post-2245","1":"product","2":"type-product","3":"status-publish","4":"has-post-thumbnail","6":"product_cat-mercedes-benz-zibintai","7":"product_tag-a2139068606","9":"first","10":"instock","11":"taxable","12":"shipping-taxable","13":"purchasable","14":"product-type-simple","15":"berocket_lgv_grid","16":"berocket_lgv_list_grid"},"_links":{"self":[{"href":"https:\/\/valdauto.lt\/index.php?rest_route=\/wp\/v2\/product\/2245","targetHints":{"allow":["GET"]}}],"collection":[{"href":"https:\/\/valdauto.lt\/index.php?rest_route=\/wp\/v2\/product"}],"about":[{"href":"https:\/\/valdauto.lt\/index.php?rest_route=\/wp\/v2\/types\/product"}],"version-history":[{"count":1,"href":"https:\/\/valdauto.lt\/index.php?rest_route=\/wp\/v2\/product\/2245\/revisions"}],"predecessor-version":[{"id":2247,"href":"https:\/\/valdauto.lt\/index.php?rest_route=\/wp\/v2\/product\/2245\/revisions\/2247"}],"wp:featuredmedia":[{"embeddable":true,"href":"https:\/\/valdauto.lt\/index.php?rest_route=\/wp\/v2\/media\/2246"}],"wp:attachment":[{"href":"https:\/\/valdauto.lt\/index.php?rest_route=%2Fwp%2Fv2%2Fmedia&parent=2245"}],"wp:term":[{"taxonomy":"product_brand","embeddable":true,"href":"https:\/\/valdauto.lt\/index.php?rest_route=%2Fwp%2Fv2%2Fproduct_brand&post=2245"},{"taxonomy":"product_cat","embeddable":true,"href":"https:\/\/valdauto.lt\/index.php?rest_route=%2Fwp%2Fv2%2Fproduct_cat&post=2245"},{"taxonomy":"product_tag","embeddable":true,"href":"https:\/\/valdauto.lt\/index.php?rest_route=%2Fwp%2Fv2%2Fproduct_tag&post=2245"}],"curies":[{"name":"wp","href":"https:\/\/api.w.org\/{rel}","templated":true}]}}