{"id":2224,"date":"2023-01-25T17:33:59","date_gmt":"2023-01-25T15:33:59","guid":{"rendered":"https:\/\/valdauto.lt\/?post_type=product&#038;p=2224"},"modified":"2023-01-25T17:33:59","modified_gmt":"2023-01-25T15:33:59","slug":"bmw-g22-priekio-kaires-puses-amortizatorius-31318091355","status":"publish","type":"product","link":"https:\/\/valdauto.lt\/?product=bmw-g22-priekio-kaires-puses-amortizatorius-31318091355","title":{"rendered":"BMW G22 Priekio kair\u0117s pus\u0117s amortizatorius 31318091355"},"content":{"rendered":"<p>BMW M4 G82 priekio kair\u0117s pus\u0117s amortizatorius 2021 met\u0173 nuo automobilio su 6000 km rida.<\/p>\n","protected":false},"excerpt":{"rendered":"<p>Minimalus defektas, stokas lenktas 2 mm .<\/p>\n","protected":false},"featured_media":2225,"template":"","meta":{"om_disable_all_campaigns":false,"_monsterinsights_skip_tracking":false,"_monsterinsights_sitenote_active":false,"_monsterinsights_sitenote_note":"","_monsterinsights_sitenote_category":0,"_uf_show_specific_survey":0,"_uf_disable_surveys":false,"slim_seo":{"title":"BMW G22 Priekio kair\u0117s pus\u0117s amortizatorius 31318091355","description":"BMW G22 Priekio kair\u0117s pus\u0117s amortizatorius 31318091355"}},"product_brand":[],"product_cat":[146],"product_tag":[585,469,586],"class_list":{"0":"post-2224","1":"product","2":"type-product","3":"status-publish","4":"has-post-thumbnail","6":"brand-bmw","7":"product_cat-bmw-kebulo-dalys","8":"product_tag-585","9":"product_tag-bmw-m4","10":"product_tag-g82-m4","12":"first","13":"instock","14":"taxable","15":"shipping-taxable","16":"purchasable","17":"product-type-simple","18":"berocket_lgv_grid","19":"berocket_lgv_list_grid"},"_links":{"self":[{"href":"https:\/\/valdauto.lt\/index.php?rest_route=\/wp\/v2\/product\/2224","targetHints":{"allow":["GET"]}}],"collection":[{"href":"https:\/\/valdauto.lt\/index.php?rest_route=\/wp\/v2\/product"}],"about":[{"href":"https:\/\/valdauto.lt\/index.php?rest_route=\/wp\/v2\/types\/product"}],"version-history":[{"count":1,"href":"https:\/\/valdauto.lt\/index.php?rest_route=\/wp\/v2\/product\/2224\/revisions"}],"predecessor-version":[{"id":2226,"href":"https:\/\/valdauto.lt\/index.php?rest_route=\/wp\/v2\/product\/2224\/revisions\/2226"}],"wp:featuredmedia":[{"embeddable":true,"href":"https:\/\/valdauto.lt\/index.php?rest_route=\/wp\/v2\/media\/2225"}],"wp:attachment":[{"href":"https:\/\/valdauto.lt\/index.php?rest_route=%2Fwp%2Fv2%2Fmedia&parent=2224"}],"wp:term":[{"taxonomy":"product_brand","embeddable":true,"href":"https:\/\/valdauto.lt\/index.php?rest_route=%2Fwp%2Fv2%2Fproduct_brand&post=2224"},{"taxonomy":"product_cat","embeddable":true,"href":"https:\/\/valdauto.lt\/index.php?rest_route=%2Fwp%2Fv2%2Fproduct_cat&post=2224"},{"taxonomy":"product_tag","embeddable":true,"href":"https:\/\/valdauto.lt\/index.php?rest_route=%2Fwp%2Fv2%2Fproduct_tag&post=2224"}],"curies":[{"name":"wp","href":"https:\/\/api.w.org\/{rel}","templated":true}]}}