{"id":2219,"date":"2023-01-08T16:16:39","date_gmt":"2023-01-08T14:16:39","guid":{"rendered":"https:\/\/valdauto.lt\/?post_type=product&#038;p=2219"},"modified":"2023-01-08T16:16:40","modified_gmt":"2023-01-08T14:16:40","slug":"mercedes-benz-prietaisu-skydeliu-nulinimas","status":"publish","type":"product","link":"https:\/\/valdauto.lt\/?product=mercedes-benz-prietaisu-skydeliu-nulinimas","title":{"rendered":"Mercedes benz prietais\u0173 skydeli\u0173 nulinimas"},"content":{"rendered":"<p>Mercedes Benz \u012fvari\u0173 skaitmeni\u0173 prietais\u0173 skydeli\u0173 nulinimas. \u0160i paslauga reikalinga norint sumontuoti\u00a0kit\u0105 naudot\u0105\u00a0skydel\u012f \u012f automobil\u012f. Tarkim j\u016bs\u0173 automobilio rida 63000km bet j\u016bs\u0173 turimas kitas prietais\u0173 skydelis turi rid\u0105 150000km , kadangi j\u012f neatitinka realyb\u0117s j\u012f galima nunulinti iki jums reikiamos.<\/p>\n<p>Prietais\u0173 skydelius galima atsiusti per siunt\u0173 tarnybas, pats automobilis n\u0117ra reikalingas.<\/p>\n","protected":false},"excerpt":{"rendered":"<p>Mercedes Benz \u012fvari\u0173 skaitmeni\u0173 prietais\u0173 skydeli\u0173 nulinimas. \u0160i paslauga reikalinga norint sumontuoti\u00a0kit\u0105 naudot\u0105\u00a0skydel\u012f \u012f automobil\u012f. Tarkim j\u016bs\u0173 automobilio rida 63000km bet j\u016bs\u0173 turimas kitas prietais\u0173 skydelis turi rid\u0105 150000km , kadangi j\u012f neatitinka realyb\u0117s j\u012f galima nunulinti iki jums reikiamos. Prietais\u0173 skydelius galima atsiusti per siunt\u0173 tarnybas, pats automobilis n\u0117ra reikalingas.<\/p>\n","protected":false},"featured_media":2220,"template":"","meta":{"om_disable_all_campaigns":false,"_monsterinsights_skip_tracking":false,"_monsterinsights_sitenote_active":false,"_monsterinsights_sitenote_note":"","_monsterinsights_sitenote_category":0,"_uf_show_specific_survey":0,"_uf_disable_surveys":false,"slim_seo":{"title":"Mercedes benz prietais\u0173 skydeli\u0173 nulinimas","description":"Mercedes benz \u012fvairi\u0173 modeli\u0173 prietais\u0173 skydeli\u0173 nulinimas"}},"product_brand":[],"product_cat":[538],"product_tag":[541,582,581,584,583],"class_list":{"0":"post-2219","1":"product","2":"type-product","3":"status-publish","4":"has-post-thumbnail","6":"product_cat-mercedes-benz-elektronikos-remontas","7":"product_tag-amg-meniu","8":"product_tag-w205-skydelis","9":"product_tag-w213-lcd-skydelis","10":"product_tag-w238-lcd","11":"product_tag-w238-skydelis-lcd","13":"first","14":"instock","15":"taxable","16":"shipping-taxable","17":"purchasable","18":"product-type-simple","19":"berocket_lgv_grid","20":"berocket_lgv_list_grid"},"_links":{"self":[{"href":"https:\/\/valdauto.lt\/index.php?rest_route=\/wp\/v2\/product\/2219","targetHints":{"allow":["GET"]}}],"collection":[{"href":"https:\/\/valdauto.lt\/index.php?rest_route=\/wp\/v2\/product"}],"about":[{"href":"https:\/\/valdauto.lt\/index.php?rest_route=\/wp\/v2\/types\/product"}],"version-history":[{"count":1,"href":"https:\/\/valdauto.lt\/index.php?rest_route=\/wp\/v2\/product\/2219\/revisions"}],"predecessor-version":[{"id":2221,"href":"https:\/\/valdauto.lt\/index.php?rest_route=\/wp\/v2\/product\/2219\/revisions\/2221"}],"wp:featuredmedia":[{"embeddable":true,"href":"https:\/\/valdauto.lt\/index.php?rest_route=\/wp\/v2\/media\/2220"}],"wp:attachment":[{"href":"https:\/\/valdauto.lt\/index.php?rest_route=%2Fwp%2Fv2%2Fmedia&parent=2219"}],"wp:term":[{"taxonomy":"product_brand","embeddable":true,"href":"https:\/\/valdauto.lt\/index.php?rest_route=%2Fwp%2Fv2%2Fproduct_brand&post=2219"},{"taxonomy":"product_cat","embeddable":true,"href":"https:\/\/valdauto.lt\/index.php?rest_route=%2Fwp%2Fv2%2Fproduct_cat&post=2219"},{"taxonomy":"product_tag","embeddable":true,"href":"https:\/\/valdauto.lt\/index.php?rest_route=%2Fwp%2Fv2%2Fproduct_tag&post=2219"}],"curies":[{"name":"wp","href":"https:\/\/api.w.org\/{rel}","templated":true}]}}