{"id":2196,"date":"2022-12-19T16:23:30","date_gmt":"2022-12-19T14:23:30","guid":{"rendered":"https:\/\/valdauto.lt\/?post_type=product&#038;p=2196"},"modified":"2022-12-19T16:23:30","modified_gmt":"2022-12-19T14:23:30","slug":"varikliu-kompiuteriu-kopijavimas-klonavimas","status":"publish","type":"product","link":"https:\/\/valdauto.lt\/?product=varikliu-kompiuteriu-kopijavimas-klonavimas","title":{"rendered":"Varikli\u0173 kompiuteri\u0173 kopijavimas \/ klonavimas"},"content":{"rendered":"<p>\u012evairi\u0173 marki\u0173 automobili\u0173 variklio valdymo kompiuteri\u0173 kopijavimas, bei programavimas.<\/p>\n<p>Kartais atsitinka, taip kad j\u016bs\u0173 turimas automobilio kompiuteris sustreikavo, arba d\u0117l mechaninio ar cheminio poveikio neatlieka savo funkcijos.<\/p>\n<p>Galime nukopijuoti bei pera\u012fyti j\u016bs\u0173 turima sen\u0105 kompiuter\u012f \u012f nauj\u0105 nauduot\u0105 ar nauj\u0105 kompiuter\u012f .<\/p>\n","protected":false},"excerpt":{"rendered":"<p>\u012evairi\u0173 marki\u0173 automobili\u0173 variklio valdymo kompiuteri\u0173 kopijavimas, bei programavimas. Kartais atsitinka, taip kad j\u016bs\u0173 turimas automobilio kompiuteris sustreikavo, arba d\u0117l mechaninio ar cheminio poveikio neatlieka savo funkcijos. Galime nukopijuoti bei pera\u012fyti j\u016bs\u0173 turima sen\u0105 kompiuter\u012f \u012f nauj\u0105 nauduot\u0105 ar nauj\u0105 kompiuter\u012f .<\/p>\n","protected":false},"featured_media":2199,"template":"","meta":{"om_disable_all_campaigns":false,"_monsterinsights_skip_tracking":false,"_monsterinsights_sitenote_active":false,"_monsterinsights_sitenote_note":"","_monsterinsights_sitenote_category":0,"_uf_show_specific_survey":0,"_uf_disable_surveys":false,"slim_seo":{"title":"Varikli\u0173 kompiuteri\u0173 kopijavimas \/ klonavimas","description":"\u012evairi\u0173 marki\u0173 automobili\u0173 variklio valdymo kompiuteri\u0173 kopijavimas, bei programavimas."}},"product_brand":[],"product_cat":[538],"product_tag":[579,580],"class_list":{"0":"post-2196","1":"product","2":"type-product","3":"status-publish","4":"has-post-thumbnail","6":"product_cat-mercedes-benz-elektronikos-remontas","7":"product_tag-ecu-kopijavimas","8":"product_tag-ecu-remontas","10":"first","11":"instock","12":"taxable","13":"shipping-taxable","14":"purchasable","15":"product-type-simple","16":"berocket_lgv_grid","17":"berocket_lgv_list_grid"},"_links":{"self":[{"href":"https:\/\/valdauto.lt\/index.php?rest_route=\/wp\/v2\/product\/2196","targetHints":{"allow":["GET"]}}],"collection":[{"href":"https:\/\/valdauto.lt\/index.php?rest_route=\/wp\/v2\/product"}],"about":[{"href":"https:\/\/valdauto.lt\/index.php?rest_route=\/wp\/v2\/types\/product"}],"version-history":[{"count":1,"href":"https:\/\/valdauto.lt\/index.php?rest_route=\/wp\/v2\/product\/2196\/revisions"}],"predecessor-version":[{"id":2197,"href":"https:\/\/valdauto.lt\/index.php?rest_route=\/wp\/v2\/product\/2196\/revisions\/2197"}],"wp:featuredmedia":[{"embeddable":true,"href":"https:\/\/valdauto.lt\/index.php?rest_route=\/wp\/v2\/media\/2199"}],"wp:attachment":[{"href":"https:\/\/valdauto.lt\/index.php?rest_route=%2Fwp%2Fv2%2Fmedia&parent=2196"}],"wp:term":[{"taxonomy":"product_brand","embeddable":true,"href":"https:\/\/valdauto.lt\/index.php?rest_route=%2Fwp%2Fv2%2Fproduct_brand&post=2196"},{"taxonomy":"product_cat","embeddable":true,"href":"https:\/\/valdauto.lt\/index.php?rest_route=%2Fwp%2Fv2%2Fproduct_cat&post=2196"},{"taxonomy":"product_tag","embeddable":true,"href":"https:\/\/valdauto.lt\/index.php?rest_route=%2Fwp%2Fv2%2Fproduct_tag&post=2196"}],"curies":[{"name":"wp","href":"https:\/\/api.w.org\/{rel}","templated":true}]}}