{"id":2190,"date":"2022-12-19T01:58:51","date_gmt":"2022-12-18T23:58:51","guid":{"rendered":"https:\/\/valdauto.lt\/?post_type=product&#038;p=2190"},"modified":"2022-12-19T01:58:51","modified_gmt":"2022-12-18T23:58:51","slug":"mercedes-benz-greicio-deziu-kompiuteriu-duomenu-kopijavimas-klonavimas","status":"publish","type":"product","link":"https:\/\/valdauto.lt\/?product=mercedes-benz-greicio-deziu-kompiuteriu-duomenu-kopijavimas-klonavimas","title":{"rendered":"Mercedes benz grei\u010dio d\u0117\u017ei\u0173 kompiuteri\u0173 duomen\u0173 kopijavimas \/ klonavimas"},"content":{"rendered":"<p>Automatini\u0173 grei\u010dio d\u0117\u017ei\u0173 kompiuteri\u0173 duomen\u0173 kopijavimas (klonavimas) reikalingas tam kad gal\u0117tume &#8222;perkelti&#8221; visus\u00a0 duomenis i\u0161 originalios grei\u010di\u0173 d\u0117\u017e\u0117s su defekt\u0173\u00a0 \u012f kit\u0105 nupirkt\u0105 automatin\u0119 d\u0117\u017e\u0119 . \u0160\u012f paslauga leid\u017eia Jums be jokio vargo esamos grei\u010dio d\u0117\u017e\u0117s duomenys perkelt\u012f \u012f kitos d\u0117\u017e\u0117s flash procesoriaus atmint\u012f, be d\u0117\u017e\u0117s ardymo .<\/p>\n<p>\u0160io b\u016bdo pagalba galima naudoti sen\u0105 donor\u0105, neu\u017esakant naujos grei\u010dio d\u0117\u017e\u0117s elektronin\u0117s dalies.Po klonavimo duomen\u0173 proced\u016bros naudota automatin\u0117 d\u0117\u017e\u0117 bus pilnai su tais pa\u010diais duomenimis kaip buvo originalas<\/p>\n","protected":false},"excerpt":{"rendered":"<p>U\u017e papildom\u0105 kain\u0105 galime atvykti pas klient\u0105 \u012f viet\u0105.<\/p>\n","protected":false},"featured_media":2191,"template":"","meta":{"om_disable_all_campaigns":false,"_monsterinsights_skip_tracking":false,"_monsterinsights_sitenote_active":false,"_monsterinsights_sitenote_note":"","_monsterinsights_sitenote_category":0,"_uf_show_specific_survey":0,"_uf_disable_surveys":false,"slim_seo":{"title":"Mercedes benz grei\u010dio d\u0117\u017ei\u0173 kopijavimas \/ klonavimas","description":"U\u017e papildom\u0105 kain\u0105 galime atvykti pas klient\u0105 \u012f viet\u0105."}},"product_brand":[],"product_cat":[538],"product_tag":[553,554,556,555,547,549,550,552,551,548],"class_list":{"0":"post-2190","1":"product","2":"type-product","3":"status-publish","4":"has-post-thumbnail","6":"product_cat-mercedes-benz-elektronikos-remontas","7":"product_tag-dq380-klonavimas","8":"product_tag-dq380-kopijavimas","9":"product_tag-getag-7dct-klonavimas","10":"product_tag-getag-7dct-kopijavimas","11":"product_tag-mercedes-benz-greicio-deziu-kopijavimas","12":"product_tag-mercedes-benz-9gt-klonavimas","13":"product_tag-mercedes-benz-9gt-kopijavimas","14":"product_tag-vgs-nag3-klonavimas","15":"product_tag-vgs-nag3-kopijavimas","16":"product_tag-zf-8hp-klonavimas","18":"first","19":"instock","20":"taxable","21":"shipping-taxable","22":"purchasable","23":"product-type-simple","24":"berocket_lgv_grid","25":"berocket_lgv_list_grid"},"_links":{"self":[{"href":"https:\/\/valdauto.lt\/index.php?rest_route=\/wp\/v2\/product\/2190","targetHints":{"allow":["GET"]}}],"collection":[{"href":"https:\/\/valdauto.lt\/index.php?rest_route=\/wp\/v2\/product"}],"about":[{"href":"https:\/\/valdauto.lt\/index.php?rest_route=\/wp\/v2\/types\/product"}],"version-history":[{"count":1,"href":"https:\/\/valdauto.lt\/index.php?rest_route=\/wp\/v2\/product\/2190\/revisions"}],"predecessor-version":[{"id":2192,"href":"https:\/\/valdauto.lt\/index.php?rest_route=\/wp\/v2\/product\/2190\/revisions\/2192"}],"wp:featuredmedia":[{"embeddable":true,"href":"https:\/\/valdauto.lt\/index.php?rest_route=\/wp\/v2\/media\/2191"}],"wp:attachment":[{"href":"https:\/\/valdauto.lt\/index.php?rest_route=%2Fwp%2Fv2%2Fmedia&parent=2190"}],"wp:term":[{"taxonomy":"product_brand","embeddable":true,"href":"https:\/\/valdauto.lt\/index.php?rest_route=%2Fwp%2Fv2%2Fproduct_brand&post=2190"},{"taxonomy":"product_cat","embeddable":true,"href":"https:\/\/valdauto.lt\/index.php?rest_route=%2Fwp%2Fv2%2Fproduct_cat&post=2190"},{"taxonomy":"product_tag","embeddable":true,"href":"https:\/\/valdauto.lt\/index.php?rest_route=%2Fwp%2Fv2%2Fproduct_tag&post=2190"}],"curies":[{"name":"wp","href":"https:\/\/api.w.org\/{rel}","templated":true}]}}