{"id":2083,"date":"2022-12-07T20:59:36","date_gmt":"2022-12-07T18:59:36","guid":{"rendered":"https:\/\/valdauto.lt\/?post_type=product&#038;p=2083"},"modified":"2022-12-07T20:59:36","modified_gmt":"2022-12-07T18:59:36","slug":"mercedes-benz-e-klases-svieciantys-ambient-light-ortakiai","status":"publish","type":"product","link":"https:\/\/valdauto.lt\/?product=mercedes-benz-e-klases-svieciantys-ambient-light-ortakiai","title":{"rendered":"Mercedes-Benz E klas\u0117s \u0161vie\u010diantys ambient light ortakiai"},"content":{"rendered":"<p>Mercedes Benz E klas\u0117s W213 \/ W238 kebulo LED ortakiai . 64 splav\u0173 gama , kartu su laidyn\u0173 bei AL moduli\u0173 . <\/p>\n","protected":false},"excerpt":{"rendered":"<p>Tinka prie esamos ap\u0161vietimo sistemos, u\u017e papildom\u0105 kain\u0105 galime instalioti \u012f J\u016bs\u0173 automobil\u012f . <\/p>\n","protected":false},"featured_media":2084,"template":"","meta":{"om_disable_all_campaigns":false,"_monsterinsights_skip_tracking":false,"_monsterinsights_sitenote_active":false,"_monsterinsights_sitenote_note":"","_monsterinsights_sitenote_category":0,"_uf_show_specific_survey":0,"_uf_disable_surveys":false,"slim_seo":{"title":"Mercedes-Benz E klas\u0117s \u0161vie\u010diantys ambient light ortakiai","description":"Mercedes Benz E klas\u0117s W213 \/ W238 kebulo LED ortakiai . 64 splav\u0173 gama , kartu su laidyn\u0173 bei AL moduli\u0173 ."}},"product_brand":[],"product_cat":[86],"product_tag":[261,535,536,537],"class_list":{"0":"post-2083","1":"product","2":"type-product","3":"status-publish","4":"has-post-thumbnail","6":"product_cat-mercedes-tuning-dalys","7":"product_tag-ambient-light","8":"product_tag-ambient-light-ortakiai","9":"product_tag-led-ortakiai","10":"product_tag-mercedes-tuning","12":"first","13":"instock","14":"taxable","15":"shipping-taxable","16":"purchasable","17":"product-type-simple","18":"berocket_lgv_grid","19":"berocket_lgv_list_grid"},"_links":{"self":[{"href":"https:\/\/valdauto.lt\/index.php?rest_route=\/wp\/v2\/product\/2083","targetHints":{"allow":["GET"]}}],"collection":[{"href":"https:\/\/valdauto.lt\/index.php?rest_route=\/wp\/v2\/product"}],"about":[{"href":"https:\/\/valdauto.lt\/index.php?rest_route=\/wp\/v2\/types\/product"}],"version-history":[{"count":1,"href":"https:\/\/valdauto.lt\/index.php?rest_route=\/wp\/v2\/product\/2083\/revisions"}],"predecessor-version":[{"id":2085,"href":"https:\/\/valdauto.lt\/index.php?rest_route=\/wp\/v2\/product\/2083\/revisions\/2085"}],"wp:featuredmedia":[{"embeddable":true,"href":"https:\/\/valdauto.lt\/index.php?rest_route=\/wp\/v2\/media\/2084"}],"wp:attachment":[{"href":"https:\/\/valdauto.lt\/index.php?rest_route=%2Fwp%2Fv2%2Fmedia&parent=2083"}],"wp:term":[{"taxonomy":"product_brand","embeddable":true,"href":"https:\/\/valdauto.lt\/index.php?rest_route=%2Fwp%2Fv2%2Fproduct_brand&post=2083"},{"taxonomy":"product_cat","embeddable":true,"href":"https:\/\/valdauto.lt\/index.php?rest_route=%2Fwp%2Fv2%2Fproduct_cat&post=2083"},{"taxonomy":"product_tag","embeddable":true,"href":"https:\/\/valdauto.lt\/index.php?rest_route=%2Fwp%2Fv2%2Fproduct_tag&post=2083"}],"curies":[{"name":"wp","href":"https:\/\/api.w.org\/{rel}","templated":true}]}}