{"id":2079,"date":"2022-12-07T11:22:53","date_gmt":"2022-12-07T09:22:53","guid":{"rendered":"https:\/\/valdauto.lt\/?post_type=product&#038;p=2079"},"modified":"2022-12-07T11:22:54","modified_gmt":"2022-12-07T09:22:54","slug":"a2139068506-mercedes-benz-e-klases-usa-zibintas","status":"publish","type":"product","link":"https:\/\/valdauto.lt\/?product=a2139068506-mercedes-benz-e-klases-usa-zibintas","title":{"rendered":"A2139068506 Mercedes Benz E klas\u0117s USA \u017eibintas"},"content":{"rendered":"<p>A2139068506 Mercedes Benz E klas\u0117s USA \u017eibintas W213 \/ W238 <\/p>\n","protected":false},"excerpt":{"rendered":"<p>E klas\u0117s JAV \u017eibintas , testuotas . 2018 met\u0173 <\/p>\n","protected":false},"featured_media":2080,"template":"","meta":{"om_disable_all_campaigns":false,"_monsterinsights_skip_tracking":false,"_monsterinsights_sitenote_active":false,"_monsterinsights_sitenote_note":"","_monsterinsights_sitenote_category":0,"_uf_show_specific_survey":0,"_uf_disable_surveys":false,"slim_seo":{"title":"A2139068506 Mercedes Benz E klas\u0117s USA \u017eibintas","description":"A2139068506 Mercedes Benz E klas\u0117s USA \u017eibintas W213 \/ W238"}},"product_brand":[],"product_cat":[21],"product_tag":[533,534],"class_list":{"0":"post-2079","1":"product","2":"type-product","3":"status-publish","4":"has-post-thumbnail","6":"product_cat-mercedes-benz-zibintai","7":"product_tag-a2139068506","8":"product_tag-usa-zibintas","10":"first","11":"instock","12":"taxable","13":"shipping-taxable","14":"purchasable","15":"product-type-simple","16":"berocket_lgv_grid","17":"berocket_lgv_list_grid"},"_links":{"self":[{"href":"https:\/\/valdauto.lt\/index.php?rest_route=\/wp\/v2\/product\/2079","targetHints":{"allow":["GET"]}}],"collection":[{"href":"https:\/\/valdauto.lt\/index.php?rest_route=\/wp\/v2\/product"}],"about":[{"href":"https:\/\/valdauto.lt\/index.php?rest_route=\/wp\/v2\/types\/product"}],"version-history":[{"count":1,"href":"https:\/\/valdauto.lt\/index.php?rest_route=\/wp\/v2\/product\/2079\/revisions"}],"predecessor-version":[{"id":2082,"href":"https:\/\/valdauto.lt\/index.php?rest_route=\/wp\/v2\/product\/2079\/revisions\/2082"}],"wp:featuredmedia":[{"embeddable":true,"href":"https:\/\/valdauto.lt\/index.php?rest_route=\/wp\/v2\/media\/2080"}],"wp:attachment":[{"href":"https:\/\/valdauto.lt\/index.php?rest_route=%2Fwp%2Fv2%2Fmedia&parent=2079"}],"wp:term":[{"taxonomy":"product_brand","embeddable":true,"href":"https:\/\/valdauto.lt\/index.php?rest_route=%2Fwp%2Fv2%2Fproduct_brand&post=2079"},{"taxonomy":"product_cat","embeddable":true,"href":"https:\/\/valdauto.lt\/index.php?rest_route=%2Fwp%2Fv2%2Fproduct_cat&post=2079"},{"taxonomy":"product_tag","embeddable":true,"href":"https:\/\/valdauto.lt\/index.php?rest_route=%2Fwp%2Fv2%2Fproduct_tag&post=2079"}],"curies":[{"name":"wp","href":"https:\/\/api.w.org\/{rel}","templated":true}]}}