{"id":2046,"date":"2022-12-05T16:30:14","date_gmt":"2022-12-05T14:30:14","guid":{"rendered":"https:\/\/valdauto.lt\/?post_type=product&#038;p=2046"},"modified":"2022-12-05T16:30:14","modified_gmt":"2022-12-05T14:30:14","slug":"a2058600502-stogo-oro-pagalve-desines-puses","status":"publish","type":"product","link":"https:\/\/valdauto.lt\/?product=a2058600502-stogo-oro-pagalve-desines-puses","title":{"rendered":"A2058600502 Stogo oro pagalv\u0117 de\u0161in\u0117s pus\u0117s"},"content":{"rendered":"<p>W205 sedano Stogo oro pagalv\u0117 de\u0161in\u0117s pus\u0117s A2058600502<\/p>\n","protected":false},"excerpt":{"rendered":"<p>W205 sedano stogo airbag de\u0161in\u0117 pus\u0117. <\/p>\n","protected":false},"featured_media":2047,"template":"","meta":{"om_disable_all_campaigns":false,"_monsterinsights_skip_tracking":false,"_monsterinsights_sitenote_active":false,"_monsterinsights_sitenote_note":"","_monsterinsights_sitenote_category":0,"_uf_show_specific_survey":0,"_uf_disable_surveys":false,"slim_seo":{"title":"A2058600502 Stogo oro pagalv\u0117 de\u0161in\u0117s pus\u0117s","description":"W205 sedano Stogo oro pagalv\u0117 de\u0161in\u0117s pus\u0117s A2058600502"}},"product_brand":[],"product_cat":[74],"product_tag":[516,517],"class_list":{"0":"post-2046","1":"product","2":"type-product","3":"status-publish","4":"has-post-thumbnail","6":"product_cat-mercedes-benz-airbag","7":"product_tag-a2058600502","8":"product_tag-w205-stogo-airbag","10":"first","11":"instock","12":"taxable","13":"shipping-taxable","14":"purchasable","15":"product-type-simple","16":"berocket_lgv_grid","17":"berocket_lgv_list_grid"},"_links":{"self":[{"href":"https:\/\/valdauto.lt\/index.php?rest_route=\/wp\/v2\/product\/2046","targetHints":{"allow":["GET"]}}],"collection":[{"href":"https:\/\/valdauto.lt\/index.php?rest_route=\/wp\/v2\/product"}],"about":[{"href":"https:\/\/valdauto.lt\/index.php?rest_route=\/wp\/v2\/types\/product"}],"version-history":[{"count":1,"href":"https:\/\/valdauto.lt\/index.php?rest_route=\/wp\/v2\/product\/2046\/revisions"}],"predecessor-version":[{"id":2048,"href":"https:\/\/valdauto.lt\/index.php?rest_route=\/wp\/v2\/product\/2046\/revisions\/2048"}],"wp:featuredmedia":[{"embeddable":true,"href":"https:\/\/valdauto.lt\/index.php?rest_route=\/wp\/v2\/media\/2047"}],"wp:attachment":[{"href":"https:\/\/valdauto.lt\/index.php?rest_route=%2Fwp%2Fv2%2Fmedia&parent=2046"}],"wp:term":[{"taxonomy":"product_brand","embeddable":true,"href":"https:\/\/valdauto.lt\/index.php?rest_route=%2Fwp%2Fv2%2Fproduct_brand&post=2046"},{"taxonomy":"product_cat","embeddable":true,"href":"https:\/\/valdauto.lt\/index.php?rest_route=%2Fwp%2Fv2%2Fproduct_cat&post=2046"},{"taxonomy":"product_tag","embeddable":true,"href":"https:\/\/valdauto.lt\/index.php?rest_route=%2Fwp%2Fv2%2Fproduct_tag&post=2046"}],"curies":[{"name":"wp","href":"https:\/\/api.w.org\/{rel}","templated":true}]}}