{"id":2043,"date":"2022-12-05T15:56:32","date_gmt":"2022-12-05T13:56:32","guid":{"rendered":"https:\/\/valdauto.lt\/?post_type=product&#038;p=2043"},"modified":"2022-12-05T15:56:32","modified_gmt":"2022-12-05T13:56:32","slug":"mercedes-benz-saugos-pagalve-stogo-a2058600402","status":"publish","type":"product","link":"https:\/\/valdauto.lt\/?product=mercedes-benz-saugos-pagalve-stogo-a2058600402","title":{"rendered":"Mercedes Benz saugos pagalv\u0117 stogo A2058600402"},"content":{"rendered":"<p>Mercedes Benz stogo saugos pagalv\u0117 de\u0161in\u0117s pus\u0117s A2058600402<\/p>\n","protected":false},"excerpt":{"rendered":"<p>W205 sedano de\u0161in\u0117s pus\u0117s saugos pagalv\u0117. <\/p>\n","protected":false},"featured_media":2044,"template":"","meta":{"om_disable_all_campaigns":false,"_monsterinsights_skip_tracking":false,"_monsterinsights_sitenote_active":false,"_monsterinsights_sitenote_note":"","_monsterinsights_sitenote_category":0,"_uf_show_specific_survey":0,"_uf_disable_surveys":false,"slim_seo":{"title":"Mercedes Benz saugos pagalv\u0117 stogo A2058600402","description":"Mercedes Benz stogo saugos pagalv\u0117 de\u0161in\u0117s pus\u0117s A2058600402"}},"product_brand":[],"product_cat":[74],"product_tag":[515],"class_list":{"0":"post-2043","1":"product","2":"type-product","3":"status-publish","4":"has-post-thumbnail","6":"product_cat-mercedes-benz-airbag","7":"product_tag-a2058600402","9":"first","10":"instock","11":"taxable","12":"shipping-taxable","13":"purchasable","14":"product-type-simple","15":"berocket_lgv_grid","16":"berocket_lgv_list_grid"},"_links":{"self":[{"href":"https:\/\/valdauto.lt\/index.php?rest_route=\/wp\/v2\/product\/2043","targetHints":{"allow":["GET"]}}],"collection":[{"href":"https:\/\/valdauto.lt\/index.php?rest_route=\/wp\/v2\/product"}],"about":[{"href":"https:\/\/valdauto.lt\/index.php?rest_route=\/wp\/v2\/types\/product"}],"version-history":[{"count":1,"href":"https:\/\/valdauto.lt\/index.php?rest_route=\/wp\/v2\/product\/2043\/revisions"}],"predecessor-version":[{"id":2045,"href":"https:\/\/valdauto.lt\/index.php?rest_route=\/wp\/v2\/product\/2043\/revisions\/2045"}],"wp:featuredmedia":[{"embeddable":true,"href":"https:\/\/valdauto.lt\/index.php?rest_route=\/wp\/v2\/media\/2044"}],"wp:attachment":[{"href":"https:\/\/valdauto.lt\/index.php?rest_route=%2Fwp%2Fv2%2Fmedia&parent=2043"}],"wp:term":[{"taxonomy":"product_brand","embeddable":true,"href":"https:\/\/valdauto.lt\/index.php?rest_route=%2Fwp%2Fv2%2Fproduct_brand&post=2043"},{"taxonomy":"product_cat","embeddable":true,"href":"https:\/\/valdauto.lt\/index.php?rest_route=%2Fwp%2Fv2%2Fproduct_cat&post=2043"},{"taxonomy":"product_tag","embeddable":true,"href":"https:\/\/valdauto.lt\/index.php?rest_route=%2Fwp%2Fv2%2Fproduct_tag&post=2043"}],"curies":[{"name":"wp","href":"https:\/\/api.w.org\/{rel}","templated":true}]}}