{"id":2040,"date":"2022-12-05T15:49:32","date_gmt":"2022-12-05T13:49:32","guid":{"rendered":"https:\/\/valdauto.lt\/?post_type=product&#038;p=2040"},"modified":"2022-12-05T15:49:32","modified_gmt":"2022-12-05T13:49:32","slug":"a2538603600-mercedes-benz-glc-suv-airbag","status":"publish","type":"product","link":"https:\/\/valdauto.lt\/?product=a2538603600-mercedes-benz-glc-suv-airbag","title":{"rendered":"A2538603600 Mercedes Benz GLC SUV airbag"},"content":{"rendered":"<p>Mercedes Benz glc SUV de\u0161in\u0117s pus\u0117s saugos pagalv\u0117.<\/p>\n","protected":false},"excerpt":{"rendered":"<p>Saugos pagalv\u0117 de\u0161in\u0117 pus\u0117 . Tinka modeliams nuo 2015 iki 2022 met\u0173 . <\/p>\n","protected":false},"featured_media":2041,"template":"","meta":{"om_disable_all_campaigns":false,"_monsterinsights_skip_tracking":false,"_monsterinsights_sitenote_active":false,"_monsterinsights_sitenote_note":"","_monsterinsights_sitenote_category":0,"_uf_show_specific_survey":0,"_uf_disable_surveys":false,"slim_seo":{"title":"A2538603600 Mercedes Benz GLC SUV airbag","description":"Mercedes Benz glc SUV de\u0161in\u0117s pus\u0117s saugos pagalv\u0117."}},"product_brand":[],"product_cat":[74],"product_tag":[513,514],"class_list":{"0":"post-2040","1":"product","2":"type-product","3":"status-publish","4":"has-post-thumbnail","6":"product_cat-mercedes-benz-airbag","7":"product_tag-a2538603600","8":"product_tag-mercedes-benz-glc-saugos-pagalve","10":"first","11":"instock","12":"taxable","13":"shipping-taxable","14":"purchasable","15":"product-type-simple","16":"berocket_lgv_grid","17":"berocket_lgv_list_grid"},"_links":{"self":[{"href":"https:\/\/valdauto.lt\/index.php?rest_route=\/wp\/v2\/product\/2040","targetHints":{"allow":["GET"]}}],"collection":[{"href":"https:\/\/valdauto.lt\/index.php?rest_route=\/wp\/v2\/product"}],"about":[{"href":"https:\/\/valdauto.lt\/index.php?rest_route=\/wp\/v2\/types\/product"}],"version-history":[{"count":1,"href":"https:\/\/valdauto.lt\/index.php?rest_route=\/wp\/v2\/product\/2040\/revisions"}],"predecessor-version":[{"id":2042,"href":"https:\/\/valdauto.lt\/index.php?rest_route=\/wp\/v2\/product\/2040\/revisions\/2042"}],"wp:featuredmedia":[{"embeddable":true,"href":"https:\/\/valdauto.lt\/index.php?rest_route=\/wp\/v2\/media\/2041"}],"wp:attachment":[{"href":"https:\/\/valdauto.lt\/index.php?rest_route=%2Fwp%2Fv2%2Fmedia&parent=2040"}],"wp:term":[{"taxonomy":"product_brand","embeddable":true,"href":"https:\/\/valdauto.lt\/index.php?rest_route=%2Fwp%2Fv2%2Fproduct_brand&post=2040"},{"taxonomy":"product_cat","embeddable":true,"href":"https:\/\/valdauto.lt\/index.php?rest_route=%2Fwp%2Fv2%2Fproduct_cat&post=2040"},{"taxonomy":"product_tag","embeddable":true,"href":"https:\/\/valdauto.lt\/index.php?rest_route=%2Fwp%2Fv2%2Fproduct_tag&post=2040"}],"curies":[{"name":"wp","href":"https:\/\/api.w.org\/{rel}","templated":true}]}}