{"id":2033,"date":"2022-12-05T15:31:57","date_gmt":"2022-12-05T13:31:57","guid":{"rendered":"https:\/\/valdauto.lt\/?post_type=product&#038;p=2033"},"modified":"2022-12-05T15:35:19","modified_gmt":"2022-12-05T13:35:19","slug":"a0004705100-benzino-garu-filtras","status":"publish","type":"product","link":"https:\/\/valdauto.lt\/?product=a0004705100-benzino-garu-filtras","title":{"rendered":"A0004705100 benzino gar\u0173 filtras"},"content":{"rendered":"<p>Mercedes benz benzino gar\u0173 filtras A0004705100 2 litr\u0173 variklio. <\/p>\n","protected":false},"excerpt":{"rendered":"<p>Tinka daugelis modeli\u0173 . <\/p>\n","protected":false},"featured_media":2034,"template":"","meta":{"om_disable_all_campaigns":false,"_monsterinsights_skip_tracking":false,"_monsterinsights_sitenote_active":false,"_monsterinsights_sitenote_note":"","_monsterinsights_sitenote_category":0,"_uf_show_specific_survey":0,"_uf_disable_surveys":false,"slim_seo":{"title":"A0004705100 benzino gar\u0173 filtras","description":"Mercedes benz benzino gar\u0173 filtras A0004705100 2 litr\u0173 variklio."}},"product_brand":[],"product_cat":[33],"product_tag":[510],"class_list":{"0":"post-2033","1":"product","2":"type-product","3":"status-publish","4":"has-post-thumbnail","6":"brand-mercedes-benz","7":"product_cat-mercedes-benz-variklio-dalys","8":"product_tag-a0004705100","10":"first","11":"instock","12":"taxable","13":"shipping-taxable","14":"purchasable","15":"product-type-simple","16":"berocket_lgv_grid","17":"berocket_lgv_list_grid"},"_links":{"self":[{"href":"https:\/\/valdauto.lt\/index.php?rest_route=\/wp\/v2\/product\/2033","targetHints":{"allow":["GET"]}}],"collection":[{"href":"https:\/\/valdauto.lt\/index.php?rest_route=\/wp\/v2\/product"}],"about":[{"href":"https:\/\/valdauto.lt\/index.php?rest_route=\/wp\/v2\/types\/product"}],"version-history":[{"count":1,"href":"https:\/\/valdauto.lt\/index.php?rest_route=\/wp\/v2\/product\/2033\/revisions"}],"predecessor-version":[{"id":2035,"href":"https:\/\/valdauto.lt\/index.php?rest_route=\/wp\/v2\/product\/2033\/revisions\/2035"}],"wp:featuredmedia":[{"embeddable":true,"href":"https:\/\/valdauto.lt\/index.php?rest_route=\/wp\/v2\/media\/2034"}],"wp:attachment":[{"href":"https:\/\/valdauto.lt\/index.php?rest_route=%2Fwp%2Fv2%2Fmedia&parent=2033"}],"wp:term":[{"taxonomy":"product_brand","embeddable":true,"href":"https:\/\/valdauto.lt\/index.php?rest_route=%2Fwp%2Fv2%2Fproduct_brand&post=2033"},{"taxonomy":"product_cat","embeddable":true,"href":"https:\/\/valdauto.lt\/index.php?rest_route=%2Fwp%2Fv2%2Fproduct_cat&post=2033"},{"taxonomy":"product_tag","embeddable":true,"href":"https:\/\/valdauto.lt\/index.php?rest_route=%2Fwp%2Fv2%2Fproduct_tag&post=2033"}],"curies":[{"name":"wp","href":"https:\/\/api.w.org\/{rel}","templated":true}]}}