{"id":2021,"date":"2022-12-05T14:47:13","date_gmt":"2022-12-05T12:47:13","guid":{"rendered":"https:\/\/valdauto.lt\/?post_type=product&#038;p=2021"},"modified":"2022-12-05T14:47:14","modified_gmt":"2022-12-05T12:47:14","slug":"a2058603502-mercedes-benz-cabrio-kaires-duru-airbag","status":"publish","type":"product","link":"https:\/\/valdauto.lt\/?product=a2058603502-mercedes-benz-cabrio-kaires-duru-airbag","title":{"rendered":"A2058603502 Mercedes benz cabrio kair\u0117s dur\u0173 airbag"},"content":{"rendered":"<p>Mercedes Benz Cabrio kair\u0117s pus\u0117s dur\u0173 airbag . Tinka USA \/ ECE \/ UK modeliams .<\/p>\n","protected":false},"excerpt":{"rendered":"<p>Tinka daugelis W205 kevulo CAbrio variantui. <\/p>\n","protected":false},"featured_media":2022,"template":"","meta":{"om_disable_all_campaigns":false,"_monsterinsights_skip_tracking":false,"_monsterinsights_sitenote_active":false,"_monsterinsights_sitenote_note":"","_monsterinsights_sitenote_category":0,"_uf_show_specific_survey":0,"_uf_disable_surveys":false,"slim_seo":{"title":"A2058603502 Mercedes benz cabrio kair\u0117s dur\u0173 airbag","description":"Mercedes Benz Cabrio kair\u0117s pus\u0117s dur\u0173 airbag . Tinka USA \/ ECE \/ UK modeliams .\u00a0"}},"product_brand":[],"product_cat":[74],"product_tag":[499,501,502,503,500],"class_list":{"0":"post-2021","1":"product","2":"type-product","3":"status-publish","4":"has-post-thumbnail","6":"product_cat-mercedes-benz-airbag","7":"product_tag-a2058603502","8":"product_tag-mercedes-benz-airbag","9":"product_tag-mercedes-benz-cabrio-saugos-pagalve","10":"product_tag-mercedes-benz-saugos-pagalves","11":"product_tag-mercedes-cabrio-airbag","13":"first","14":"instock","15":"taxable","16":"shipping-taxable","17":"purchasable","18":"product-type-simple","19":"berocket_lgv_grid","20":"berocket_lgv_list_grid"},"_links":{"self":[{"href":"https:\/\/valdauto.lt\/index.php?rest_route=\/wp\/v2\/product\/2021","targetHints":{"allow":["GET"]}}],"collection":[{"href":"https:\/\/valdauto.lt\/index.php?rest_route=\/wp\/v2\/product"}],"about":[{"href":"https:\/\/valdauto.lt\/index.php?rest_route=\/wp\/v2\/types\/product"}],"version-history":[{"count":1,"href":"https:\/\/valdauto.lt\/index.php?rest_route=\/wp\/v2\/product\/2021\/revisions"}],"predecessor-version":[{"id":2023,"href":"https:\/\/valdauto.lt\/index.php?rest_route=\/wp\/v2\/product\/2021\/revisions\/2023"}],"wp:featuredmedia":[{"embeddable":true,"href":"https:\/\/valdauto.lt\/index.php?rest_route=\/wp\/v2\/media\/2022"}],"wp:attachment":[{"href":"https:\/\/valdauto.lt\/index.php?rest_route=%2Fwp%2Fv2%2Fmedia&parent=2021"}],"wp:term":[{"taxonomy":"product_brand","embeddable":true,"href":"https:\/\/valdauto.lt\/index.php?rest_route=%2Fwp%2Fv2%2Fproduct_brand&post=2021"},{"taxonomy":"product_cat","embeddable":true,"href":"https:\/\/valdauto.lt\/index.php?rest_route=%2Fwp%2Fv2%2Fproduct_cat&post=2021"},{"taxonomy":"product_tag","embeddable":true,"href":"https:\/\/valdauto.lt\/index.php?rest_route=%2Fwp%2Fv2%2Fproduct_tag&post=2021"}],"curies":[{"name":"wp","href":"https:\/\/api.w.org\/{rel}","templated":true}]}}