{"id":20,"date":"2020-07-22T16:05:05","date_gmt":"2020-07-22T16:05:05","guid":{"rendered":"http:\/\/valdauto-lt.preview-domain.com\/?post_type=product&#038;p=20"},"modified":"2020-07-22T16:05:05","modified_gmt":"2020-07-22T16:05:05","slug":"glc-x253-glc-coupe-r20-amg-ratlankiai","status":"publish","type":"product","link":"https:\/\/valdauto.lt\/?product=glc-x253-glc-coupe-r20-amg-ratlankiai","title":{"rendered":"GLC X253 GLC COUPE R20 AMG ratlankiai"},"content":{"rendered":"","protected":false},"excerpt":{"rendered":"<p>Parduodami skirtingu plo\u010di\u0173 AMG GLC R20 ratlankiai. Padangos 2018 52 savait\u0117s ( nuo automobilio 2019 met\u0173 ) prakti\u0161kai naujos Dunlop Sport MAXX RT2 MO . B\u016aKL\u0116 9,5 \/10 .Prakti\u0161kai nauji ratlankiai Padangos galas 285\/40 priekis 255\/45<\/p>\n","protected":false},"featured_media":21,"template":"","meta":{"om_disable_all_campaigns":false,"_monsterinsights_skip_tracking":false,"_monsterinsights_sitenote_active":false,"_monsterinsights_sitenote_note":"","_monsterinsights_sitenote_category":0,"_uf_show_specific_survey":0,"_uf_disable_surveys":false,"slim_seo":{"title":"GLC X253 GLC COUPE R20 AMG ratlankiai - Mercedes benz naudotos dalys","description":"Parduodami skirtingu plo\u010di\u0173 AMG GLC R20 ratlankiai. Padangos 2018 52 savait\u0117s ( nuo automobilio 2019 met\u0173 ) prakti\u0161kai naujos Dunlop Sport MAXX RT2 MO . B\u016aKL\u0116 9"}},"product_brand":[],"product_cat":[19],"product_tag":[23,25,24],"class_list":{"0":"post-20","1":"product","2":"type-product","3":"status-publish","4":"has-post-thumbnail","6":"product_cat-mercedes-benz-ratlankiai","7":"product_tag-glc","8":"product_tag-glc-coupe","9":"product_tag-x253","11":"first","12":"instock","13":"taxable","14":"shipping-taxable","15":"purchasable","16":"product-type-simple","17":"berocket_lgv_grid","18":"berocket_lgv_list_grid"},"_links":{"self":[{"href":"https:\/\/valdauto.lt\/index.php?rest_route=\/wp\/v2\/product\/20","targetHints":{"allow":["GET"]}}],"collection":[{"href":"https:\/\/valdauto.lt\/index.php?rest_route=\/wp\/v2\/product"}],"about":[{"href":"https:\/\/valdauto.lt\/index.php?rest_route=\/wp\/v2\/types\/product"}],"version-history":[{"count":0,"href":"https:\/\/valdauto.lt\/index.php?rest_route=\/wp\/v2\/product\/20\/revisions"}],"wp:featuredmedia":[{"embeddable":true,"href":"https:\/\/valdauto.lt\/index.php?rest_route=\/wp\/v2\/media\/21"}],"wp:attachment":[{"href":"https:\/\/valdauto.lt\/index.php?rest_route=%2Fwp%2Fv2%2Fmedia&parent=20"}],"wp:term":[{"taxonomy":"product_brand","embeddable":true,"href":"https:\/\/valdauto.lt\/index.php?rest_route=%2Fwp%2Fv2%2Fproduct_brand&post=20"},{"taxonomy":"product_cat","embeddable":true,"href":"https:\/\/valdauto.lt\/index.php?rest_route=%2Fwp%2Fv2%2Fproduct_cat&post=20"},{"taxonomy":"product_tag","embeddable":true,"href":"https:\/\/valdauto.lt\/index.php?rest_route=%2Fwp%2Fv2%2Fproduct_tag&post=20"}],"curies":[{"name":"wp","href":"https:\/\/api.w.org\/{rel}","templated":true}]}}