{"id":1999,"date":"2022-09-17T18:40:32","date_gmt":"2022-09-17T16:40:32","guid":{"rendered":"https:\/\/valdauto.lt\/?post_type=product&#038;p=1999"},"modified":"2022-09-17T18:40:33","modified_gmt":"2022-09-17T16:40:33","slug":"porsche-macan-galiniai-usa-zibintai-komplektas","status":"publish","type":"product","link":"https:\/\/valdauto.lt\/?product=porsche-macan-galiniai-usa-zibintai-komplektas","title":{"rendered":"Porsche macan galiniai USA \u017eibintai komplektas"},"content":{"rendered":"<p>Porsche macan galiniai USA \u017eibintai komplektas 2017 met\u0173 .<\/p>\n","protected":false},"excerpt":{"rendered":"<p>EOM kodai<\/p>\n<p>95B945093G<\/p>\n<p>95B945094G<\/p>\n<p>95B945095G<\/p>\n<p>95B945096G<\/p>\n","protected":false},"featured_media":2000,"template":"","meta":{"om_disable_all_campaigns":false,"_monsterinsights_skip_tracking":false,"_monsterinsights_sitenote_active":false,"_monsterinsights_sitenote_note":"","_monsterinsights_sitenote_category":0,"_uf_show_specific_survey":0,"_uf_disable_surveys":false,"slim_seo":{"title":"Porsche macan galiniai USA \u017eibintai komplektas","description":"Porsche macan galiniai USA \u017eibintai komplektas 2017 met\u0173 .\u00a0"}},"product_brand":[],"product_cat":[483],"product_tag":[489,490,491,492],"class_list":{"0":"post-1999","1":"product","2":"type-product","3":"status-publish","4":"has-post-thumbnail","6":"brand-porshe","7":"product_cat-kitos-autodalys","8":"product_tag-95b945093g","9":"product_tag-95b945094g","10":"product_tag-95b945095g","11":"product_tag-95b945096g","13":"first","14":"instock","15":"taxable","16":"shipping-taxable","17":"purchasable","18":"product-type-simple","19":"berocket_lgv_grid","20":"berocket_lgv_list_grid"},"_links":{"self":[{"href":"https:\/\/valdauto.lt\/index.php?rest_route=\/wp\/v2\/product\/1999","targetHints":{"allow":["GET"]}}],"collection":[{"href":"https:\/\/valdauto.lt\/index.php?rest_route=\/wp\/v2\/product"}],"about":[{"href":"https:\/\/valdauto.lt\/index.php?rest_route=\/wp\/v2\/types\/product"}],"version-history":[{"count":1,"href":"https:\/\/valdauto.lt\/index.php?rest_route=\/wp\/v2\/product\/1999\/revisions"}],"predecessor-version":[{"id":2005,"href":"https:\/\/valdauto.lt\/index.php?rest_route=\/wp\/v2\/product\/1999\/revisions\/2005"}],"wp:featuredmedia":[{"embeddable":true,"href":"https:\/\/valdauto.lt\/index.php?rest_route=\/wp\/v2\/media\/2000"}],"wp:attachment":[{"href":"https:\/\/valdauto.lt\/index.php?rest_route=%2Fwp%2Fv2%2Fmedia&parent=1999"}],"wp:term":[{"taxonomy":"product_brand","embeddable":true,"href":"https:\/\/valdauto.lt\/index.php?rest_route=%2Fwp%2Fv2%2Fproduct_brand&post=1999"},{"taxonomy":"product_cat","embeddable":true,"href":"https:\/\/valdauto.lt\/index.php?rest_route=%2Fwp%2Fv2%2Fproduct_cat&post=1999"},{"taxonomy":"product_tag","embeddable":true,"href":"https:\/\/valdauto.lt\/index.php?rest_route=%2Fwp%2Fv2%2Fproduct_tag&post=1999"}],"curies":[{"name":"wp","href":"https:\/\/api.w.org\/{rel}","templated":true}]}}