{"id":1974,"date":"2022-08-29T09:39:51","date_gmt":"2022-08-29T07:39:51","guid":{"rendered":"https:\/\/valdauto.lt\/?post_type=product&#038;p=1974"},"modified":"2022-09-02T17:46:43","modified_gmt":"2022-09-02T15:46:43","slug":"mercedes-benz-distroniko-zenklas-a0008880111","status":"publish","type":"product","link":"https:\/\/valdauto.lt\/?product=mercedes-benz-distroniko-zenklas-a0008880111","title":{"rendered":"Mercedes benz distroniko \u017eenklas A0008880111"},"content":{"rendered":"<p>Mercedes benz distroniko \u017eenklas A0008880111 tinkantis daugeliui modeli\u0173.<\/p>\n","protected":false},"excerpt":{"rendered":"<p>Tinka GLC GLS ir kitiems modeliams.<\/p>\n","protected":false},"featured_media":1975,"template":"","meta":{"om_disable_all_campaigns":false,"_monsterinsights_skip_tracking":false,"_monsterinsights_sitenote_active":false,"_monsterinsights_sitenote_note":"","_monsterinsights_sitenote_category":0,"_uf_show_specific_survey":0,"_uf_disable_surveys":false,"slim_seo":{"title":"Mercedes benz distroniko \u017eenklas A0008880111","description":"Mercedes benz distroniko \u017eenklas A0008880111 tinkantis daugeliui modeli\u0173."}},"product_brand":[],"product_cat":[20],"product_tag":[480,481,482],"class_list":{"0":"post-1974","1":"product","2":"type-product","3":"status-publish","4":"has-post-thumbnail","6":"brand-mercedes-benz","7":"product_cat-mercedes-benz-kebulo-dalys","8":"product_tag-a0008880111","9":"product_tag-distroniko-zenklas","10":"product_tag-distroniko-zvaigzde","12":"first","13":"instock","14":"taxable","15":"shipping-taxable","16":"purchasable","17":"product-type-simple","18":"berocket_lgv_grid","19":"berocket_lgv_list_grid"},"_links":{"self":[{"href":"https:\/\/valdauto.lt\/index.php?rest_route=\/wp\/v2\/product\/1974","targetHints":{"allow":["GET"]}}],"collection":[{"href":"https:\/\/valdauto.lt\/index.php?rest_route=\/wp\/v2\/product"}],"about":[{"href":"https:\/\/valdauto.lt\/index.php?rest_route=\/wp\/v2\/types\/product"}],"version-history":[{"count":1,"href":"https:\/\/valdauto.lt\/index.php?rest_route=\/wp\/v2\/product\/1974\/revisions"}],"predecessor-version":[{"id":1976,"href":"https:\/\/valdauto.lt\/index.php?rest_route=\/wp\/v2\/product\/1974\/revisions\/1976"}],"wp:featuredmedia":[{"embeddable":true,"href":"https:\/\/valdauto.lt\/index.php?rest_route=\/wp\/v2\/media\/1975"}],"wp:attachment":[{"href":"https:\/\/valdauto.lt\/index.php?rest_route=%2Fwp%2Fv2%2Fmedia&parent=1974"}],"wp:term":[{"taxonomy":"product_brand","embeddable":true,"href":"https:\/\/valdauto.lt\/index.php?rest_route=%2Fwp%2Fv2%2Fproduct_brand&post=1974"},{"taxonomy":"product_cat","embeddable":true,"href":"https:\/\/valdauto.lt\/index.php?rest_route=%2Fwp%2Fv2%2Fproduct_cat&post=1974"},{"taxonomy":"product_tag","embeddable":true,"href":"https:\/\/valdauto.lt\/index.php?rest_route=%2Fwp%2Fv2%2Fproduct_tag&post=1974"}],"curies":[{"name":"wp","href":"https:\/\/api.w.org\/{rel}","templated":true}]}}