{"id":1955,"date":"2022-08-13T21:44:51","date_gmt":"2022-08-13T19:44:51","guid":{"rendered":"https:\/\/valdauto.lt\/?post_type=product&#038;p=1955"},"modified":"2022-08-13T21:44:51","modified_gmt":"2022-08-13T19:44:51","slug":"51128074726-bmw-g82-m4-galinis-bamperio-difuzorius","status":"publish","type":"product","link":"https:\/\/valdauto.lt\/?product=51128074726-bmw-g82-m4-galinis-bamperio-difuzorius","title":{"rendered":"51128074726 BMW G82 M4 galinis bamperio difuzorius"},"content":{"rendered":"<p>51128074726 BMW G82 M4 galinis bamperio difuzorius , juodas blizgus.<\/p>\n","protected":false},"excerpt":{"rendered":"<p>Turi smul\u0173 defekt\u0105. Kair\u0117s pus\u0117je .<\/p>\n","protected":false},"featured_media":1956,"template":"","meta":{"om_disable_all_campaigns":false,"_monsterinsights_skip_tracking":false,"_monsterinsights_sitenote_active":false,"_monsterinsights_sitenote_note":"","_monsterinsights_sitenote_category":0,"_uf_show_specific_survey":0,"_uf_disable_surveys":false,"slim_seo":{"title":"51128074726 BMW G82 M4 galinis bamperio difuzorius","description":"51128074726 BMW G82 M4 galinis bamperio difuzorius , juodas blizgus.\u00a0"}},"product_brand":[],"product_cat":[146],"product_tag":[468,464,469,465],"class_list":{"0":"post-1955","1":"product","2":"type-product","3":"status-publish","4":"has-post-thumbnail","6":"brand-466","7":"brand-bmw-g82","8":"product_cat-bmw-kebulo-dalys","9":"product_tag-468","10":"product_tag-bmw-g82","11":"product_tag-bmw-m4","12":"product_tag-bmw-m4-dalys","14":"first","15":"instock","16":"taxable","17":"shipping-taxable","18":"purchasable","19":"product-type-simple","20":"berocket_lgv_grid","21":"berocket_lgv_list_grid"},"_links":{"self":[{"href":"https:\/\/valdauto.lt\/index.php?rest_route=\/wp\/v2\/product\/1955","targetHints":{"allow":["GET"]}}],"collection":[{"href":"https:\/\/valdauto.lt\/index.php?rest_route=\/wp\/v2\/product"}],"about":[{"href":"https:\/\/valdauto.lt\/index.php?rest_route=\/wp\/v2\/types\/product"}],"version-history":[{"count":1,"href":"https:\/\/valdauto.lt\/index.php?rest_route=\/wp\/v2\/product\/1955\/revisions"}],"predecessor-version":[{"id":1957,"href":"https:\/\/valdauto.lt\/index.php?rest_route=\/wp\/v2\/product\/1955\/revisions\/1957"}],"wp:featuredmedia":[{"embeddable":true,"href":"https:\/\/valdauto.lt\/index.php?rest_route=\/wp\/v2\/media\/1956"}],"wp:attachment":[{"href":"https:\/\/valdauto.lt\/index.php?rest_route=%2Fwp%2Fv2%2Fmedia&parent=1955"}],"wp:term":[{"taxonomy":"product_brand","embeddable":true,"href":"https:\/\/valdauto.lt\/index.php?rest_route=%2Fwp%2Fv2%2Fproduct_brand&post=1955"},{"taxonomy":"product_cat","embeddable":true,"href":"https:\/\/valdauto.lt\/index.php?rest_route=%2Fwp%2Fv2%2Fproduct_cat&post=1955"},{"taxonomy":"product_tag","embeddable":true,"href":"https:\/\/valdauto.lt\/index.php?rest_route=%2Fwp%2Fv2%2Fproduct_tag&post=1955"}],"curies":[{"name":"wp","href":"https:\/\/api.w.org\/{rel}","templated":true}]}}