{"id":1952,"date":"2022-08-13T21:41:59","date_gmt":"2022-08-13T19:41:59","guid":{"rendered":"https:\/\/valdauto.lt\/?post_type=product&#038;p=1952"},"modified":"2022-08-13T21:48:11","modified_gmt":"2022-08-13T19:48:11","slug":"63148081816-bmw-g82-atsvaitas-galinis-desines-puses","status":"publish","type":"product","link":"https:\/\/valdauto.lt\/?product=63148081816-bmw-g82-atsvaitas-galinis-desines-puses","title":{"rendered":"63148081816 BMW G82 at\u0161vaitas galinis d\u0117\u0161in\u0117s pus\u0117s"},"content":{"rendered":"<p>BMW M4 G82 at\u0161vaitas galinis d\u0117\u0161in\u0117s pus\u0117s<\/p>\n","protected":false},"excerpt":{"rendered":"<p>BMW M4 galinio bamperio at\u0161vaitas<\/p>\n","protected":false},"featured_media":1953,"template":"","meta":{"om_disable_all_campaigns":false,"_monsterinsights_skip_tracking":false,"_monsterinsights_sitenote_active":false,"_monsterinsights_sitenote_note":"","_monsterinsights_sitenote_category":0,"_uf_show_specific_survey":0,"_uf_disable_surveys":false,"slim_seo":{"title":"63148081816 BMW G82 at\u0161vaitas galinis d\u0117\u0161in\u0117s pus\u0117s","description":"BMW M4 G82 at\u0161vaitas galinis d\u0117\u0161in\u0117s pus\u0117s"}},"product_brand":[],"product_cat":[146],"product_tag":[462,464,465,463],"class_list":{"0":"post-1952","1":"product","2":"type-product","3":"status-publish","4":"has-post-thumbnail","6":"product_cat-bmw-kebulo-dalys","7":"product_tag-462","8":"product_tag-bmw-g82","9":"product_tag-bmw-m4-dalys","10":"product_tag-bmw-m4-g82-dalys","12":"first","13":"instock","14":"taxable","15":"shipping-taxable","16":"purchasable","17":"product-type-simple","18":"berocket_lgv_grid","19":"berocket_lgv_list_grid"},"_links":{"self":[{"href":"https:\/\/valdauto.lt\/index.php?rest_route=\/wp\/v2\/product\/1952","targetHints":{"allow":["GET"]}}],"collection":[{"href":"https:\/\/valdauto.lt\/index.php?rest_route=\/wp\/v2\/product"}],"about":[{"href":"https:\/\/valdauto.lt\/index.php?rest_route=\/wp\/v2\/types\/product"}],"version-history":[{"count":1,"href":"https:\/\/valdauto.lt\/index.php?rest_route=\/wp\/v2\/product\/1952\/revisions"}],"predecessor-version":[{"id":1954,"href":"https:\/\/valdauto.lt\/index.php?rest_route=\/wp\/v2\/product\/1952\/revisions\/1954"}],"wp:featuredmedia":[{"embeddable":true,"href":"https:\/\/valdauto.lt\/index.php?rest_route=\/wp\/v2\/media\/1953"}],"wp:attachment":[{"href":"https:\/\/valdauto.lt\/index.php?rest_route=%2Fwp%2Fv2%2Fmedia&parent=1952"}],"wp:term":[{"taxonomy":"product_brand","embeddable":true,"href":"https:\/\/valdauto.lt\/index.php?rest_route=%2Fwp%2Fv2%2Fproduct_brand&post=1952"},{"taxonomy":"product_cat","embeddable":true,"href":"https:\/\/valdauto.lt\/index.php?rest_route=%2Fwp%2Fv2%2Fproduct_cat&post=1952"},{"taxonomy":"product_tag","embeddable":true,"href":"https:\/\/valdauto.lt\/index.php?rest_route=%2Fwp%2Fv2%2Fproduct_tag&post=1952"}],"curies":[{"name":"wp","href":"https:\/\/api.w.org\/{rel}","templated":true}]}}