{"id":1917,"date":"2022-07-24T14:41:22","date_gmt":"2022-07-24T12:41:22","guid":{"rendered":"https:\/\/valdauto.lt\/?post_type=product&#038;p=1917"},"modified":"2022-07-24T14:41:23","modified_gmt":"2022-07-24T12:41:23","slug":"a2139069901-mercedes-benz-priekinis-varikliukas-langu-pakelejo","status":"publish","type":"product","link":"https:\/\/valdauto.lt\/?product=a2139069901-mercedes-benz-priekinis-varikliukas-langu-pakelejo","title":{"rendered":"A2139069901 Mercedes benz priekinis varikliukas lang\u0173 pak\u0117l\u0117jo"},"content":{"rendered":"<p>A2139069901 Mercedes benz priekinis varikliukas lang\u0173 pak\u0117l\u0117jo .<\/p>\n","protected":false},"excerpt":{"rendered":"<p>Tinka daugelis modeli\u0173 .<\/p>\n","protected":false},"featured_media":1918,"template":"","meta":{"om_disable_all_campaigns":false,"_monsterinsights_skip_tracking":false,"_monsterinsights_sitenote_active":false,"_monsterinsights_sitenote_note":"","_monsterinsights_sitenote_category":0,"_uf_show_specific_survey":0,"_uf_disable_surveys":false,"slim_seo":{"title":"A2139069901 Mercedes benz priekinis varikliukas lang\u0173 pak\u0117l\u0117jo tinkantis daugeli mod\u0117li\u0173","description":"A2139069901 Mercedes benz priekinis varikliukas lang\u0173 pak\u0117l\u0117jo tinkantis daugeli mod\u0117li\u0173"}},"product_brand":[],"product_cat":[22],"product_tag":[456],"class_list":{"0":"post-1917","1":"product","2":"type-product","3":"status-publish","4":"has-post-thumbnail","6":"product_cat-mercedes-benz-elektronika","7":"product_tag-a2139069901","9":"first","10":"instock","11":"taxable","12":"shipping-taxable","13":"purchasable","14":"product-type-simple","15":"berocket_lgv_grid","16":"berocket_lgv_list_grid"},"_links":{"self":[{"href":"https:\/\/valdauto.lt\/index.php?rest_route=\/wp\/v2\/product\/1917","targetHints":{"allow":["GET"]}}],"collection":[{"href":"https:\/\/valdauto.lt\/index.php?rest_route=\/wp\/v2\/product"}],"about":[{"href":"https:\/\/valdauto.lt\/index.php?rest_route=\/wp\/v2\/types\/product"}],"version-history":[{"count":1,"href":"https:\/\/valdauto.lt\/index.php?rest_route=\/wp\/v2\/product\/1917\/revisions"}],"predecessor-version":[{"id":1919,"href":"https:\/\/valdauto.lt\/index.php?rest_route=\/wp\/v2\/product\/1917\/revisions\/1919"}],"wp:featuredmedia":[{"embeddable":true,"href":"https:\/\/valdauto.lt\/index.php?rest_route=\/wp\/v2\/media\/1918"}],"wp:attachment":[{"href":"https:\/\/valdauto.lt\/index.php?rest_route=%2Fwp%2Fv2%2Fmedia&parent=1917"}],"wp:term":[{"taxonomy":"product_brand","embeddable":true,"href":"https:\/\/valdauto.lt\/index.php?rest_route=%2Fwp%2Fv2%2Fproduct_brand&post=1917"},{"taxonomy":"product_cat","embeddable":true,"href":"https:\/\/valdauto.lt\/index.php?rest_route=%2Fwp%2Fv2%2Fproduct_cat&post=1917"},{"taxonomy":"product_tag","embeddable":true,"href":"https:\/\/valdauto.lt\/index.php?rest_route=%2Fwp%2Fv2%2Fproduct_tag&post=1917"}],"curies":[{"name":"wp","href":"https:\/\/api.w.org\/{rel}","templated":true}]}}