{"id":1912,"date":"2022-06-25T11:51:23","date_gmt":"2022-06-25T09:51:23","guid":{"rendered":"https:\/\/valdauto.lt\/?post_type=product&#038;p=1912"},"modified":"2022-06-25T11:51:23","modified_gmt":"2022-06-25T09:51:23","slug":"a2539066201-mercedes-benz-glc-desines-puses-zibintas-usa","status":"publish","type":"product","link":"https:\/\/valdauto.lt\/?product=a2539066201-mercedes-benz-glc-desines-puses-zibintas-usa","title":{"rendered":"A2539066201 Mercedes Benz GLC de\u0161in\u0117s pus\u0117s \u017eibintas USA"},"content":{"rendered":"<p>A2539066201 Mercedes Benz GLC de\u0161in\u0117s pus\u0117s \u017eibintas USA . Su smulkiu defekt\u0173 .<\/p>\n","protected":false},"excerpt":{"rendered":"<p>USA . Testuotas<\/p>\n","protected":false},"featured_media":1913,"template":"","meta":{"om_disable_all_campaigns":false,"_monsterinsights_skip_tracking":false,"_monsterinsights_sitenote_active":false,"_monsterinsights_sitenote_note":"","_monsterinsights_sitenote_category":0,"_uf_show_specific_survey":0,"_uf_disable_surveys":false,"slim_seo":{"title":"A2539066201 Mercedes Benz GLC de\u0161in\u0117s pus\u0117s \u017eibintas USA","description":"A2539066201 Mercedes Benz GLC de\u0161in\u0117s pus\u0117s \u017eibintas USA . Su smulkiu defekt\u0173 .\u00a0"}},"product_brand":[],"product_cat":[21],"product_tag":[455],"class_list":{"0":"post-1912","1":"product","2":"type-product","3":"status-publish","4":"has-post-thumbnail","6":"product_cat-mercedes-benz-zibintai","7":"product_tag-a2539066201","9":"first","10":"instock","11":"taxable","12":"shipping-taxable","13":"purchasable","14":"product-type-simple","15":"berocket_lgv_grid","16":"berocket_lgv_list_grid"},"_links":{"self":[{"href":"https:\/\/valdauto.lt\/index.php?rest_route=\/wp\/v2\/product\/1912","targetHints":{"allow":["GET"]}}],"collection":[{"href":"https:\/\/valdauto.lt\/index.php?rest_route=\/wp\/v2\/product"}],"about":[{"href":"https:\/\/valdauto.lt\/index.php?rest_route=\/wp\/v2\/types\/product"}],"version-history":[{"count":1,"href":"https:\/\/valdauto.lt\/index.php?rest_route=\/wp\/v2\/product\/1912\/revisions"}],"predecessor-version":[{"id":1914,"href":"https:\/\/valdauto.lt\/index.php?rest_route=\/wp\/v2\/product\/1912\/revisions\/1914"}],"wp:featuredmedia":[{"embeddable":true,"href":"https:\/\/valdauto.lt\/index.php?rest_route=\/wp\/v2\/media\/1913"}],"wp:attachment":[{"href":"https:\/\/valdauto.lt\/index.php?rest_route=%2Fwp%2Fv2%2Fmedia&parent=1912"}],"wp:term":[{"taxonomy":"product_brand","embeddable":true,"href":"https:\/\/valdauto.lt\/index.php?rest_route=%2Fwp%2Fv2%2Fproduct_brand&post=1912"},{"taxonomy":"product_cat","embeddable":true,"href":"https:\/\/valdauto.lt\/index.php?rest_route=%2Fwp%2Fv2%2Fproduct_cat&post=1912"},{"taxonomy":"product_tag","embeddable":true,"href":"https:\/\/valdauto.lt\/index.php?rest_route=%2Fwp%2Fv2%2Fproduct_tag&post=1912"}],"curies":[{"name":"wp","href":"https:\/\/api.w.org\/{rel}","templated":true}]}}