{"id":1906,"date":"2022-06-25T09:56:00","date_gmt":"2022-06-25T07:56:00","guid":{"rendered":"https:\/\/valdauto.lt\/?post_type=product&#038;p=1906"},"modified":"2022-06-25T09:56:00","modified_gmt":"2022-06-25T07:56:00","slug":"a2229000515-remas-paneles-tvirtinimui-w205-kebulo","status":"publish","type":"product","link":"https:\/\/valdauto.lt\/?product=a2229000515-remas-paneles-tvirtinimui-w205-kebulo","title":{"rendered":"A2229000515 r\u0117mas panel\u0117s tvirtinimui W205 k\u0117bulo"},"content":{"rendered":"<p>W205 modelio salono panel\u0117s tvirtinimo r\u0117mas. EOM kodas A2056800755<\/p>\n","protected":false},"excerpt":{"rendered":"<p>Panel\u0117s remoas EOM A2229000515\u00a0 A2056800455\u00a0 A2056800755<\/p>\n","protected":false},"featured_media":1907,"template":"","meta":{"om_disable_all_campaigns":false,"_monsterinsights_skip_tracking":false,"_monsterinsights_sitenote_active":false,"_monsterinsights_sitenote_note":"","_monsterinsights_sitenote_category":0,"_uf_show_specific_survey":0,"_uf_disable_surveys":false,"slim_seo":{"title":"A2229000515 r\u0117mas panel\u0117s tvirtinimui W205 k\u0117bulo","description":"W205 modelio salono panel\u0117s tvirtinimo r\u0117mas. EOM kodas A2056800755"}},"product_brand":[],"product_cat":[31],"product_tag":[453,454,406],"class_list":{"0":"post-1906","1":"product","2":"type-product","3":"status-publish","4":"has-post-thumbnail","6":"product_cat-mercedes-benz-salono-komforto-aksesuarai","7":"product_tag-a2056800455","8":"product_tag-a2056800755","9":"product_tag-a2229000515","11":"first","12":"instock","13":"taxable","14":"shipping-taxable","15":"purchasable","16":"product-type-simple","17":"berocket_lgv_grid","18":"berocket_lgv_list_grid"},"_links":{"self":[{"href":"https:\/\/valdauto.lt\/index.php?rest_route=\/wp\/v2\/product\/1906","targetHints":{"allow":["GET"]}}],"collection":[{"href":"https:\/\/valdauto.lt\/index.php?rest_route=\/wp\/v2\/product"}],"about":[{"href":"https:\/\/valdauto.lt\/index.php?rest_route=\/wp\/v2\/types\/product"}],"version-history":[{"count":1,"href":"https:\/\/valdauto.lt\/index.php?rest_route=\/wp\/v2\/product\/1906\/revisions"}],"predecessor-version":[{"id":1908,"href":"https:\/\/valdauto.lt\/index.php?rest_route=\/wp\/v2\/product\/1906\/revisions\/1908"}],"wp:featuredmedia":[{"embeddable":true,"href":"https:\/\/valdauto.lt\/index.php?rest_route=\/wp\/v2\/media\/1907"}],"wp:attachment":[{"href":"https:\/\/valdauto.lt\/index.php?rest_route=%2Fwp%2Fv2%2Fmedia&parent=1906"}],"wp:term":[{"taxonomy":"product_brand","embeddable":true,"href":"https:\/\/valdauto.lt\/index.php?rest_route=%2Fwp%2Fv2%2Fproduct_brand&post=1906"},{"taxonomy":"product_cat","embeddable":true,"href":"https:\/\/valdauto.lt\/index.php?rest_route=%2Fwp%2Fv2%2Fproduct_cat&post=1906"},{"taxonomy":"product_tag","embeddable":true,"href":"https:\/\/valdauto.lt\/index.php?rest_route=%2Fwp%2Fv2%2Fproduct_tag&post=1906"}],"curies":[{"name":"wp","href":"https:\/\/api.w.org\/{rel}","templated":true}]}}