{"id":1864,"date":"2022-06-10T21:00:42","date_gmt":"2022-06-10T19:00:42","guid":{"rendered":"https:\/\/valdauto.lt\/?post_type=product&#038;p=1864"},"modified":"2022-06-10T21:00:43","modified_gmt":"2022-06-10T19:00:43","slug":"a2539050900-led-zibinto-valdymo-blokas","status":"publish","type":"product","link":"https:\/\/valdauto.lt\/?product=a2539050900-led-zibinto-valdymo-blokas","title":{"rendered":"A2539050900 LED \u017eibinto valdymo blokas"},"content":{"rendered":"<p>Mercedes benz GLC A2539050900 LED \u017eibinto valdymo blokas<\/p>\n","protected":false},"excerpt":{"rendered":"<p>Mercedes benz GLC 2 le\u0161i\u0173 \u017eibinto blokas<\/p>\n","protected":false},"featured_media":1865,"template":"","meta":{"om_disable_all_campaigns":false,"_monsterinsights_skip_tracking":false,"_monsterinsights_sitenote_active":false,"_monsterinsights_sitenote_note":"","_monsterinsights_sitenote_category":0,"_uf_show_specific_survey":0,"_uf_disable_surveys":false,"slim_seo":{"title":"A2539050900 LED \u017eibinto valdymo blokas","description":"Mercedes benz GLC A2539050900 LED \u017eibinto valdymo blokas"}},"product_brand":[],"product_cat":[22,21],"product_tag":[413,414],"class_list":{"0":"post-1864","1":"product","2":"type-product","3":"status-publish","4":"has-post-thumbnail","6":"product_cat-mercedes-benz-elektronika","7":"product_cat-mercedes-benz-zibintai","8":"product_tag-a2539050900","9":"product_tag-glc-zibintai","11":"first","12":"instock","13":"taxable","14":"shipping-taxable","15":"purchasable","16":"product-type-simple","17":"berocket_lgv_grid","18":"berocket_lgv_list_grid"},"_links":{"self":[{"href":"https:\/\/valdauto.lt\/index.php?rest_route=\/wp\/v2\/product\/1864","targetHints":{"allow":["GET"]}}],"collection":[{"href":"https:\/\/valdauto.lt\/index.php?rest_route=\/wp\/v2\/product"}],"about":[{"href":"https:\/\/valdauto.lt\/index.php?rest_route=\/wp\/v2\/types\/product"}],"version-history":[{"count":1,"href":"https:\/\/valdauto.lt\/index.php?rest_route=\/wp\/v2\/product\/1864\/revisions"}],"predecessor-version":[{"id":1866,"href":"https:\/\/valdauto.lt\/index.php?rest_route=\/wp\/v2\/product\/1864\/revisions\/1866"}],"wp:featuredmedia":[{"embeddable":true,"href":"https:\/\/valdauto.lt\/index.php?rest_route=\/wp\/v2\/media\/1865"}],"wp:attachment":[{"href":"https:\/\/valdauto.lt\/index.php?rest_route=%2Fwp%2Fv2%2Fmedia&parent=1864"}],"wp:term":[{"taxonomy":"product_brand","embeddable":true,"href":"https:\/\/valdauto.lt\/index.php?rest_route=%2Fwp%2Fv2%2Fproduct_brand&post=1864"},{"taxonomy":"product_cat","embeddable":true,"href":"https:\/\/valdauto.lt\/index.php?rest_route=%2Fwp%2Fv2%2Fproduct_cat&post=1864"},{"taxonomy":"product_tag","embeddable":true,"href":"https:\/\/valdauto.lt\/index.php?rest_route=%2Fwp%2Fv2%2Fproduct_tag&post=1864"}],"curies":[{"name":"wp","href":"https:\/\/api.w.org\/{rel}","templated":true}]}}