{"id":1856,"date":"2022-06-10T20:39:15","date_gmt":"2022-06-10T18:39:15","guid":{"rendered":"https:\/\/valdauto.lt\/?post_type=product&#038;p=1856"},"modified":"2022-06-10T20:39:16","modified_gmt":"2022-06-10T18:39:16","slug":"a2059067704-led-sviesu-modulis-desines-puses-usa","status":"publish","type":"product","link":"https:\/\/valdauto.lt\/?product=a2059067704-led-sviesu-modulis-desines-puses-usa","title":{"rendered":"A2059067704 LED \u0161vies\u0173 modulis de\u0161in\u0117s pus\u0117s USA"},"content":{"rendered":"<p>A2059067704 LED \u0161vies\u0173 modulis de\u0161in\u0117s pus\u0117s USA.<\/p>\n","protected":false},"excerpt":{"rendered":"<p>Blokas i\u0161 w205 facelift. Tinka USA\u00a0 versijos \u017eibintams . Testuotas<\/p>\n","protected":false},"featured_media":1857,"template":"","meta":{"om_disable_all_campaigns":false,"_monsterinsights_skip_tracking":false,"_monsterinsights_sitenote_active":false,"_monsterinsights_sitenote_note":"","_monsterinsights_sitenote_category":0,"_uf_show_specific_survey":0,"_uf_disable_surveys":false,"slim_seo":{"title":"A2059067704 LED \u0161vies\u0173 modulis de\u0161in\u0117s pus\u0117s USA.\u00a0","description":"A2059067704 LED \u0161vies\u0173 modulis de\u0161in\u0117s pus\u0117s USA su markeri\u0173"}},"product_brand":[],"product_cat":[22,21],"product_tag":[410,409,411],"class_list":{"0":"post-1856","1":"product","2":"type-product","3":"status-publish","4":"has-post-thumbnail","6":"brand-mercedes-benz","7":"product_cat-mercedes-benz-elektronika","8":"product_cat-mercedes-benz-zibintai","9":"product_tag-410","10":"product_tag-a2059067704","11":"product_tag-w205-facelift","13":"first","14":"instock","15":"taxable","16":"shipping-taxable","17":"purchasable","18":"product-type-simple","19":"berocket_lgv_grid","20":"berocket_lgv_list_grid"},"_links":{"self":[{"href":"https:\/\/valdauto.lt\/index.php?rest_route=\/wp\/v2\/product\/1856","targetHints":{"allow":["GET"]}}],"collection":[{"href":"https:\/\/valdauto.lt\/index.php?rest_route=\/wp\/v2\/product"}],"about":[{"href":"https:\/\/valdauto.lt\/index.php?rest_route=\/wp\/v2\/types\/product"}],"version-history":[{"count":1,"href":"https:\/\/valdauto.lt\/index.php?rest_route=\/wp\/v2\/product\/1856\/revisions"}],"predecessor-version":[{"id":1858,"href":"https:\/\/valdauto.lt\/index.php?rest_route=\/wp\/v2\/product\/1856\/revisions\/1858"}],"wp:featuredmedia":[{"embeddable":true,"href":"https:\/\/valdauto.lt\/index.php?rest_route=\/wp\/v2\/media\/1857"}],"wp:attachment":[{"href":"https:\/\/valdauto.lt\/index.php?rest_route=%2Fwp%2Fv2%2Fmedia&parent=1856"}],"wp:term":[{"taxonomy":"product_brand","embeddable":true,"href":"https:\/\/valdauto.lt\/index.php?rest_route=%2Fwp%2Fv2%2Fproduct_brand&post=1856"},{"taxonomy":"product_cat","embeddable":true,"href":"https:\/\/valdauto.lt\/index.php?rest_route=%2Fwp%2Fv2%2Fproduct_cat&post=1856"},{"taxonomy":"product_tag","embeddable":true,"href":"https:\/\/valdauto.lt\/index.php?rest_route=%2Fwp%2Fv2%2Fproduct_tag&post=1856"}],"curies":[{"name":"wp","href":"https:\/\/api.w.org\/{rel}","templated":true}]}}