{"id":1853,"date":"2022-06-10T20:27:23","date_gmt":"2022-06-10T18:27:23","guid":{"rendered":"https:\/\/valdauto.lt\/?post_type=product&#038;p=1853"},"modified":"2022-06-10T20:27:24","modified_gmt":"2022-06-10T18:27:24","slug":"a2229000515-hli-max-ana-led-sviesu-blokas","status":"publish","type":"product","link":"https:\/\/valdauto.lt\/?product=a2229000515-hli-max-ana-led-sviesu-blokas","title":{"rendered":"A2229000515 HLI Max Ana LED \u0161vies\u0173 blokas"},"content":{"rendered":"<p>A2229000515 HLI Max Ana LED \u0161vies\u0173 blokas tinkantis daugeli mercedes modeli\u0173.<\/p>\n","protected":false},"excerpt":{"rendered":"<p>Blokas testuotas. I\u0161imtas W205 facelift nmodelio .<\/p>\n","protected":false},"featured_media":1854,"template":"","meta":{"om_disable_all_campaigns":false,"_monsterinsights_skip_tracking":false,"_monsterinsights_sitenote_active":false,"_monsterinsights_sitenote_note":"","_monsterinsights_sitenote_category":0,"_uf_show_specific_survey":0,"_uf_disable_surveys":false,"slim_seo":{"title":"A2229000515 HLI Max Ana LED \u0161vies\u0173 blokas","description":"A2229000515 HLI Max Ana LED \u0161vies\u0173 blokas tinkantis daugeli mercedes modeli\u0173."}},"product_brand":[],"product_cat":[22,21],"product_tag":[406,407,408],"class_list":{"0":"post-1853","1":"product","2":"type-product","3":"status-publish","4":"has-post-thumbnail","6":"brand-mercedes-benz","7":"product_cat-mercedes-benz-elektronika","8":"product_cat-mercedes-benz-zibintai","9":"product_tag-a2229000515","10":"product_tag-a2229000515-hli","11":"product_tag-a2229000515-hli-max-ana","13":"first","14":"instock","15":"taxable","16":"shipping-taxable","17":"purchasable","18":"product-type-simple","19":"berocket_lgv_grid","20":"berocket_lgv_list_grid"},"_links":{"self":[{"href":"https:\/\/valdauto.lt\/index.php?rest_route=\/wp\/v2\/product\/1853","targetHints":{"allow":["GET"]}}],"collection":[{"href":"https:\/\/valdauto.lt\/index.php?rest_route=\/wp\/v2\/product"}],"about":[{"href":"https:\/\/valdauto.lt\/index.php?rest_route=\/wp\/v2\/types\/product"}],"version-history":[{"count":1,"href":"https:\/\/valdauto.lt\/index.php?rest_route=\/wp\/v2\/product\/1853\/revisions"}],"predecessor-version":[{"id":1855,"href":"https:\/\/valdauto.lt\/index.php?rest_route=\/wp\/v2\/product\/1853\/revisions\/1855"}],"wp:featuredmedia":[{"embeddable":true,"href":"https:\/\/valdauto.lt\/index.php?rest_route=\/wp\/v2\/media\/1854"}],"wp:attachment":[{"href":"https:\/\/valdauto.lt\/index.php?rest_route=%2Fwp%2Fv2%2Fmedia&parent=1853"}],"wp:term":[{"taxonomy":"product_brand","embeddable":true,"href":"https:\/\/valdauto.lt\/index.php?rest_route=%2Fwp%2Fv2%2Fproduct_brand&post=1853"},{"taxonomy":"product_cat","embeddable":true,"href":"https:\/\/valdauto.lt\/index.php?rest_route=%2Fwp%2Fv2%2Fproduct_cat&post=1853"},{"taxonomy":"product_tag","embeddable":true,"href":"https:\/\/valdauto.lt\/index.php?rest_route=%2Fwp%2Fv2%2Fproduct_tag&post=1853"}],"curies":[{"name":"wp","href":"https:\/\/api.w.org\/{rel}","templated":true}]}}