{"id":1845,"date":"2022-06-03T21:07:52","date_gmt":"2022-06-03T19:07:52","guid":{"rendered":"https:\/\/valdauto.lt\/?post_type=product&#038;p=1845"},"modified":"2022-06-03T21:07:52","modified_gmt":"2022-06-03T19:07:52","slug":"a2053325300-mercedes-benz-c63s-kaires-puses-priekine-stebule","status":"publish","type":"product","link":"https:\/\/valdauto.lt\/?product=a2053325300-mercedes-benz-c63s-kaires-puses-priekine-stebule","title":{"rendered":"A2053325300 Mercedes benz C63S kair\u0117s pus\u0117s priekin\u0117 stebul\u0117"},"content":{"rendered":"<p>A2053325300 Mercedes benz C63S kair\u0117s pus\u0117s priekin\u0117 stebul\u0117 be guolio<\/p>\n","protected":false},"excerpt":{"rendered":"<p>Tinka tik C63S modeliui. Kair\u0117s pus\u0117s<\/p>\n","protected":false},"featured_media":1846,"template":"","meta":{"om_disable_all_campaigns":false,"_monsterinsights_skip_tracking":false,"_monsterinsights_sitenote_active":false,"_monsterinsights_sitenote_note":"","_monsterinsights_sitenote_category":0,"_uf_show_specific_survey":0,"_uf_disable_surveys":false,"slim_seo":{"title":"A2053325300 Mercedes benz C63S kair\u0117s pus\u0117s priekin\u0117 stebul\u0117","description":"A2053325300 Mercedes benz C63S kair\u0117s pus\u0117s priekin\u0117 stebul\u0117 be guolio\u00a0"}},"product_brand":[],"product_cat":[15],"product_tag":[402,400],"class_list":{"0":"post-1845","1":"product","2":"type-product","3":"status-publish","4":"has-post-thumbnail","6":"brand-mercedes-benz","7":"product_cat-mercedes-benz-pakaba","8":"product_tag-a2053325300","9":"product_tag-mercedes-benz-c63","11":"first","12":"instock","13":"taxable","14":"shipping-taxable","15":"purchasable","16":"product-type-simple","17":"berocket_lgv_grid","18":"berocket_lgv_list_grid"},"_links":{"self":[{"href":"https:\/\/valdauto.lt\/index.php?rest_route=\/wp\/v2\/product\/1845","targetHints":{"allow":["GET"]}}],"collection":[{"href":"https:\/\/valdauto.lt\/index.php?rest_route=\/wp\/v2\/product"}],"about":[{"href":"https:\/\/valdauto.lt\/index.php?rest_route=\/wp\/v2\/types\/product"}],"version-history":[{"count":1,"href":"https:\/\/valdauto.lt\/index.php?rest_route=\/wp\/v2\/product\/1845\/revisions"}],"predecessor-version":[{"id":1847,"href":"https:\/\/valdauto.lt\/index.php?rest_route=\/wp\/v2\/product\/1845\/revisions\/1847"}],"wp:featuredmedia":[{"embeddable":true,"href":"https:\/\/valdauto.lt\/index.php?rest_route=\/wp\/v2\/media\/1846"}],"wp:attachment":[{"href":"https:\/\/valdauto.lt\/index.php?rest_route=%2Fwp%2Fv2%2Fmedia&parent=1845"}],"wp:term":[{"taxonomy":"product_brand","embeddable":true,"href":"https:\/\/valdauto.lt\/index.php?rest_route=%2Fwp%2Fv2%2Fproduct_brand&post=1845"},{"taxonomy":"product_cat","embeddable":true,"href":"https:\/\/valdauto.lt\/index.php?rest_route=%2Fwp%2Fv2%2Fproduct_cat&post=1845"},{"taxonomy":"product_tag","embeddable":true,"href":"https:\/\/valdauto.lt\/index.php?rest_route=%2Fwp%2Fv2%2Fproduct_tag&post=1845"}],"curies":[{"name":"wp","href":"https:\/\/api.w.org\/{rel}","templated":true}]}}